{"id":1256,"date":"2025-06-30T15:50:45","date_gmt":"2025-06-30T14:50:45","guid":{"rendered":"https:\/\/www.linoxmodena.it\/product\/pesche-susine-albicocche-kiwi\/"},"modified":"2025-09-12T14:15:50","modified_gmt":"2025-09-12T13:15:50","slug":"pesche-susine-albicocche-kiwi","status":"publish","type":"product","link":"https:\/\/www.linoxmodena.it\/fr\/product\/pesche-susine-albicocche-kiwi\/","title":{"rendered":"P\u00eaches, prunes, abricots, kiwis"},"content":{"rendered":"\n<p>Les fruits peuvent arriver de la r\u00e9colte en palox ou en caisses, et selon le type de fruit trait\u00e9, ils peuvent \u00eatre vid\u00e9s \u00e0 sec. Ces machines, manuelles ou automatiques et autor\u00e9gulatrices, sont con\u00e7ues pour une flexibilit\u00e9 et une efficacit\u00e9 maximale.<\/p>\n\n<p>Ensuite, nous passons \u00e0 une phase de tri manuel, o\u00f9 le produit peut \u00eatre bross\u00e9 si n\u00e9cessaire, lav\u00e9 et s\u00e9ch\u00e9, et, dans le cas des kiwis, trait\u00e9 par immersion avec des conservateurs.<\/p>\n\n<p>Pr\u00eats pour le calibrage, nos fruits sont s\u00e9lectionn\u00e9s par des calibreuses \u00e9lectroniques (poids, diam\u00e8tre, couleur, qualit\u00e9 interne et externe), puis conditionn\u00e9s (tables d&#8217;emballage rapide (rapid-pack), tables de recirculation) ou pr\u00e9calibr\u00e9s en caisses ou en palox (diff\u00e9rents mod\u00e8les de remplisseuses et de machines pour le d\u00e9placement de palox).<\/p>\n\n<figure class=\"wp-block-gallery has-nested-images columns-default is-cropped wp-block-gallery-1 is-layout-flex wp-block-gallery-is-layout-flex\">\n<figure class=\"wp-block-image size-large\"><a href=\"https:\/\/linoxmodena.it\/wp-content\/uploads\/2025\/06\/albicocche-1.webp\"><img fetchpriority=\"high\" decoding=\"async\" width=\"1024\" height=\"575\" data-id=\"932\" src=\"https:\/\/linoxmodena.it\/wp-content\/uploads\/2025\/06\/albicocche-1-1024x575.webp\" alt=\"\" class=\"wp-image-932\" srcset=\"https:\/\/www.linoxmodena.it\/wp-content\/uploads\/2025\/06\/albicocche-1-1024x575.webp 1024w, https:\/\/www.linoxmodena.it\/wp-content\/uploads\/2025\/06\/albicocche-1-300x169.webp 300w, https:\/\/www.linoxmodena.it\/wp-content\/uploads\/2025\/06\/albicocche-1-768x432.webp 768w, https:\/\/www.linoxmodena.it\/wp-content\/uploads\/2025\/06\/albicocche-1.webp 1500w\" sizes=\"(max-width: 1024px) 100vw, 1024px\" \/><\/a><\/figure>\n\n\n\n<figure class=\"wp-block-image size-large\"><a href=\"https:\/\/linoxmodena.it\/wp-content\/uploads\/2025\/06\/albicocche2.webp\"><img decoding=\"async\" width=\"1024\" height=\"768\" data-id=\"934\" src=\"https:\/\/linoxmodena.it\/wp-content\/uploads\/2025\/06\/albicocche2-1024x768.webp\" alt=\"\" class=\"wp-image-934\" srcset=\"https:\/\/www.linoxmodena.it\/wp-content\/uploads\/2025\/06\/albicocche2-1024x768.webp 1024w, https:\/\/www.linoxmodena.it\/wp-content\/uploads\/2025\/06\/albicocche2-300x225.webp 300w, https:\/\/www.linoxmodena.it\/wp-content\/uploads\/2025\/06\/albicocche2-768x576.webp 768w, https:\/\/www.linoxmodena.it\/wp-content\/uploads\/2025\/06\/albicocche2.webp 1500w\" sizes=\"(max-width: 1024px) 100vw, 1024px\" \/><\/a><\/figure>\n\n\n\n<figure class=\"wp-block-image size-large\"><a href=\"https:\/\/linoxmodena.it\/wp-content\/uploads\/2025\/06\/albicocche3.webp\"><img decoding=\"async\" width=\"1024\" height=\"768\" data-id=\"935\" src=\"https:\/\/linoxmodena.it\/wp-content\/uploads\/2025\/06\/albicocche3-1024x768.webp\" alt=\"\" class=\"wp-image-935\" srcset=\"https:\/\/www.linoxmodena.it\/wp-content\/uploads\/2025\/06\/albicocche3-1024x768.webp 1024w, https:\/\/www.linoxmodena.it\/wp-content\/uploads\/2025\/06\/albicocche3-300x225.webp 300w, https:\/\/www.linoxmodena.it\/wp-content\/uploads\/2025\/06\/albicocche3-768x576.webp 768w, https:\/\/www.linoxmodena.it\/wp-content\/uploads\/2025\/06\/albicocche3.webp 1500w\" sizes=\"(max-width: 1024px) 100vw, 1024px\" \/><\/a><\/figure>\n\n\n\n<figure class=\"wp-block-image size-large\"><a href=\"https:\/\/linoxmodena.it\/wp-content\/uploads\/2025\/06\/albicocche4.webp\"><img loading=\"lazy\" decoding=\"async\" width=\"1024\" height=\"768\" data-id=\"936\" src=\"https:\/\/linoxmodena.it\/wp-content\/uploads\/2025\/06\/albicocche4-1024x768.webp\" alt=\"\" class=\"wp-image-936\" srcset=\"https:\/\/www.linoxmodena.it\/wp-content\/uploads\/2025\/06\/albicocche4-1024x768.webp 1024w, https:\/\/www.linoxmodena.it\/wp-content\/uploads\/2025\/06\/albicocche4-300x225.webp 300w, https:\/\/www.linoxmodena.it\/wp-content\/uploads\/2025\/06\/albicocche4-768x576.webp 768w, https:\/\/www.linoxmodena.it\/wp-content\/uploads\/2025\/06\/albicocche4.webp 1500w\" sizes=\"(max-width: 1024px) 100vw, 1024px\" \/><\/a><\/figure>\n\n\n\n<figure class=\"wp-block-image size-large\"><a href=\"https:\/\/linoxmodena.it\/wp-content\/uploads\/2025\/06\/kiwi.webp\"><img loading=\"lazy\" decoding=\"async\" width=\"848\" height=\"480\" data-id=\"941\" src=\"https:\/\/linoxmodena.it\/wp-content\/uploads\/2025\/06\/kiwi.webp\" alt=\"\" class=\"wp-image-941\" srcset=\"https:\/\/www.linoxmodena.it\/wp-content\/uploads\/2025\/06\/kiwi.webp 848w, https:\/\/www.linoxmodena.it\/wp-content\/uploads\/2025\/06\/kiwi-300x170.webp 300w, https:\/\/www.linoxmodena.it\/wp-content\/uploads\/2025\/06\/kiwi-768x435.webp 768w\" sizes=\"(max-width: 848px) 100vw, 848px\" \/><\/a><\/figure>\n\n\n\n<figure class=\"wp-block-image size-large\"><a href=\"https:\/\/linoxmodena.it\/wp-content\/uploads\/2025\/06\/kiwi2.webp\"><img loading=\"lazy\" decoding=\"async\" width=\"848\" height=\"480\" data-id=\"938\" src=\"https:\/\/linoxmodena.it\/wp-content\/uploads\/2025\/06\/kiwi2.webp\" alt=\"\" class=\"wp-image-938\" srcset=\"https:\/\/www.linoxmodena.it\/wp-content\/uploads\/2025\/06\/kiwi2.webp 848w, https:\/\/www.linoxmodena.it\/wp-content\/uploads\/2025\/06\/kiwi2-300x170.webp 300w, https:\/\/www.linoxmodena.it\/wp-content\/uploads\/2025\/06\/kiwi2-768x435.webp 768w\" sizes=\"(max-width: 848px) 100vw, 848px\" \/><\/a><\/figure>\n\n\n\n<figure class=\"wp-block-image size-large\"><a href=\"https:\/\/linoxmodena.it\/wp-content\/uploads\/2025\/06\/kiwi3.webp\"><img loading=\"lazy\" decoding=\"async\" width=\"539\" height=\"305\" data-id=\"929\" src=\"https:\/\/linoxmodena.it\/wp-content\/uploads\/2025\/06\/kiwi3.webp\" alt=\"\" class=\"wp-image-929\" srcset=\"https:\/\/www.linoxmodena.it\/wp-content\/uploads\/2025\/06\/kiwi3.webp 539w, https:\/\/www.linoxmodena.it\/wp-content\/uploads\/2025\/06\/kiwi3-300x170.webp 300w\" sizes=\"(max-width: 539px) 100vw, 539px\" \/><\/a><\/figure>\n\n\n\n<figure class=\"wp-block-image size-large\"><a href=\"https:\/\/linoxmodena.it\/wp-content\/uploads\/2025\/06\/pesche-1.webp\"><img loading=\"lazy\" decoding=\"async\" width=\"1024\" height=\"576\" data-id=\"939\" src=\"https:\/\/linoxmodena.it\/wp-content\/uploads\/2025\/06\/pesche-1-1024x576.webp\" alt=\"\" class=\"wp-image-939\" srcset=\"https:\/\/www.linoxmodena.it\/wp-content\/uploads\/2025\/06\/pesche-1-1024x576.webp 1024w, https:\/\/www.linoxmodena.it\/wp-content\/uploads\/2025\/06\/pesche-1-300x169.webp 300w, https:\/\/www.linoxmodena.it\/wp-content\/uploads\/2025\/06\/pesche-1-768x432.webp 768w, https:\/\/www.linoxmodena.it\/wp-content\/uploads\/2025\/06\/pesche-1-1536x864.webp 1536w, https:\/\/www.linoxmodena.it\/wp-content\/uploads\/2025\/06\/pesche-1.webp 1920w\" sizes=\"(max-width: 1024px) 100vw, 1024px\" \/><\/a><\/figure>\n\n\n\n<figure class=\"wp-block-image size-large\"><a href=\"https:\/\/linoxmodena.it\/wp-content\/uploads\/2025\/06\/pesche2-1.webp\"><img loading=\"lazy\" decoding=\"async\" width=\"848\" height=\"480\" data-id=\"931\" src=\"https:\/\/linoxmodena.it\/wp-content\/uploads\/2025\/06\/pesche2-1.webp\" alt=\"\" class=\"wp-image-931\" srcset=\"https:\/\/www.linoxmodena.it\/wp-content\/uploads\/2025\/06\/pesche2-1.webp 848w, https:\/\/www.linoxmodena.it\/wp-content\/uploads\/2025\/06\/pesche2-1-300x170.webp 300w, https:\/\/www.linoxmodena.it\/wp-content\/uploads\/2025\/06\/pesche2-1-768x435.webp 768w\" sizes=\"(max-width: 848px) 100vw, 848px\" \/><\/a><\/figure>\n<\/figure>\n","protected":false},"excerpt":{"rendered":"<p>Les fruits peuvent arriver de la r\u00e9colte en palox ou en caisses, et selon le type de fruit trait\u00e9, ils peuvent \u00eatre vid\u00e9s \u00e0 sec. Ces machines, manuelles ou automatiques et autor\u00e9gulatrices, sont con\u00e7ues pour une flexibilit\u00e9 et une efficacit\u00e9 maximale. Ensuite, nous passons \u00e0 une phase de tri manuel, o\u00f9 le produit peut \u00eatre [&hellip;]<\/p>\n","protected":false},"featured_media":0,"template":"","meta":{"_acf_changed":false,"footnotes":""},"product-category":[31],"class_list":["post-1256","product","type-product","status-publish","hentry","product-category-transformation-des-fruits"],"acf":[],"yoast_head":"<!-- This site is optimized with the Yoast SEO plugin v25.9 - https:\/\/yoast.com\/wordpress\/plugins\/seo\/ -->\n<title>P\u00eaches, prunes, abricots, kiwis - linoxmodena.it<\/title>\n<meta name=\"robots\" content=\"index, follow, max-snippet:-1, max-image-preview:large, max-video-preview:-1\" \/>\n<link rel=\"canonical\" href=\"https:\/\/www.linoxmodena.it\/fr\/product\/pesche-susine-albicocche-kiwi\/\" \/>\n<meta property=\"og:locale\" content=\"fr_FR\" \/>\n<meta property=\"og:type\" content=\"article\" \/>\n<meta property=\"og:title\" content=\"P\u00eaches, prunes, abricots, kiwis - linoxmodena.it\" \/>\n<meta property=\"og:description\" content=\"Les fruits peuvent arriver de la r\u00e9colte en palox ou en caisses, et selon le type de fruit trait\u00e9, ils peuvent \u00eatre vid\u00e9s \u00e0 sec. Ces machines, manuelles ou automatiques et autor\u00e9gulatrices, sont con\u00e7ues pour une flexibilit\u00e9 et une efficacit\u00e9 maximale. Ensuite, nous passons \u00e0 une phase de tri manuel, o\u00f9 le produit peut \u00eatre [&hellip;]\" \/>\n<meta property=\"og:url\" content=\"https:\/\/www.linoxmodena.it\/fr\/product\/pesche-susine-albicocche-kiwi\/\" \/>\n<meta property=\"og:site_name\" content=\"linoxmodena.it\" \/>\n<meta property=\"article:modified_time\" content=\"2025-09-12T13:15:50+00:00\" \/>\n<meta property=\"og:image\" content=\"https:\/\/www.linoxmodena.it\/wp-content\/uploads\/2025\/06\/albicocche-1.webp\" \/>\n\t<meta property=\"og:image:width\" content=\"1500\" \/>\n\t<meta property=\"og:image:height\" content=\"843\" \/>\n\t<meta property=\"og:image:type\" content=\"image\/webp\" \/>\n<meta name=\"twitter:card\" content=\"summary_large_image\" \/>\n<meta name=\"twitter:label1\" content=\"Dur\u00e9e de lecture estim\u00e9e\" \/>\n\t<meta name=\"twitter:data1\" content=\"1 minute\" \/>\n<script type=\"application\/ld+json\" class=\"yoast-schema-graph\">{\"@context\":\"https:\/\/schema.org\",\"@graph\":[{\"@type\":\"WebPage\",\"@id\":\"https:\/\/www.linoxmodena.it\/fr\/product\/pesche-susine-albicocche-kiwi\/\",\"url\":\"https:\/\/www.linoxmodena.it\/fr\/product\/pesche-susine-albicocche-kiwi\/\",\"name\":\"P\u00eaches, prunes, abricots, kiwis - linoxmodena.it\",\"isPartOf\":{\"@id\":\"https:\/\/www.linoxmodena.it\/fr\/#website\"},\"primaryImageOfPage\":{\"@id\":\"https:\/\/www.linoxmodena.it\/fr\/product\/pesche-susine-albicocche-kiwi\/#primaryimage\"},\"image\":{\"@id\":\"https:\/\/www.linoxmodena.it\/fr\/product\/pesche-susine-albicocche-kiwi\/#primaryimage\"},\"thumbnailUrl\":\"https:\/\/linoxmodena.it\/wp-content\/uploads\/2025\/06\/albicocche-1-1024x575.webp\",\"datePublished\":\"2025-06-30T14:50:45+00:00\",\"dateModified\":\"2025-09-12T13:15:50+00:00\",\"breadcrumb\":{\"@id\":\"https:\/\/www.linoxmodena.it\/fr\/product\/pesche-susine-albicocche-kiwi\/#breadcrumb\"},\"inLanguage\":\"fr-FR\",\"potentialAction\":[{\"@type\":\"ReadAction\",\"target\":[\"https:\/\/www.linoxmodena.it\/fr\/product\/pesche-susine-albicocche-kiwi\/\"]}]},{\"@type\":\"ImageObject\",\"inLanguage\":\"fr-FR\",\"@id\":\"https:\/\/www.linoxmodena.it\/fr\/product\/pesche-susine-albicocche-kiwi\/#primaryimage\",\"url\":\"https:\/\/linoxmodena.it\/wp-content\/uploads\/2025\/06\/albicocche-1-1024x575.webp\",\"contentUrl\":\"https:\/\/linoxmodena.it\/wp-content\/uploads\/2025\/06\/albicocche-1-1024x575.webp\"},{\"@type\":\"BreadcrumbList\",\"@id\":\"https:\/\/www.linoxmodena.it\/fr\/product\/pesche-susine-albicocche-kiwi\/#breadcrumb\",\"itemListElement\":[{\"@type\":\"ListItem\",\"position\":1,\"name\":\"Home\",\"item\":\"https:\/\/www.linoxmodena.it\/fr\/home-page\/\"},{\"@type\":\"ListItem\",\"position\":2,\"name\":\"produits\",\"item\":\"https:\/\/www.linoxmodena.it\/fr\/archivio-prodotti\/\"},{\"@type\":\"ListItem\",\"position\":3,\"name\":\"P\u00eaches, prunes, abricots, kiwis\"}]},{\"@type\":\"WebSite\",\"@id\":\"https:\/\/www.linoxmodena.it\/fr\/#website\",\"url\":\"https:\/\/www.linoxmodena.it\/fr\/\",\"name\":\"linoxmodena.it\",\"description\":\"\",\"potentialAction\":[{\"@type\":\"SearchAction\",\"target\":{\"@type\":\"EntryPoint\",\"urlTemplate\":\"https:\/\/www.linoxmodena.it\/fr\/?s={search_term_string}\"},\"query-input\":{\"@type\":\"PropertyValueSpecification\",\"valueRequired\":true,\"valueName\":\"search_term_string\"}}],\"inLanguage\":\"fr-FR\"}]}<\/script>\n<!-- \/ Yoast SEO plugin. -->","yoast_head_json":{"title":"P\u00eaches, prunes, abricots, kiwis - linoxmodena.it","robots":{"index":"index","follow":"follow","max-snippet":"max-snippet:-1","max-image-preview":"max-image-preview:large","max-video-preview":"max-video-preview:-1"},"canonical":"https:\/\/www.linoxmodena.it\/fr\/product\/pesche-susine-albicocche-kiwi\/","og_locale":"fr_FR","og_type":"article","og_title":"P\u00eaches, prunes, abricots, kiwis - linoxmodena.it","og_description":"Les fruits peuvent arriver de la r\u00e9colte en palox ou en caisses, et selon le type de fruit trait\u00e9, ils peuvent \u00eatre vid\u00e9s \u00e0 sec. Ces machines, manuelles ou automatiques et autor\u00e9gulatrices, sont con\u00e7ues pour une flexibilit\u00e9 et une efficacit\u00e9 maximale. Ensuite, nous passons \u00e0 une phase de tri manuel, o\u00f9 le produit peut \u00eatre [&hellip;]","og_url":"https:\/\/www.linoxmodena.it\/fr\/product\/pesche-susine-albicocche-kiwi\/","og_site_name":"linoxmodena.it","article_modified_time":"2025-09-12T13:15:50+00:00","og_image":[{"width":1500,"height":843,"url":"https:\/\/www.linoxmodena.it\/wp-content\/uploads\/2025\/06\/albicocche-1.webp","type":"image\/webp"}],"twitter_card":"summary_large_image","twitter_misc":{"Dur\u00e9e de lecture estim\u00e9e":"1 minute"},"schema":{"@context":"https:\/\/schema.org","@graph":[{"@type":"WebPage","@id":"https:\/\/www.linoxmodena.it\/fr\/product\/pesche-susine-albicocche-kiwi\/","url":"https:\/\/www.linoxmodena.it\/fr\/product\/pesche-susine-albicocche-kiwi\/","name":"P\u00eaches, prunes, abricots, kiwis - linoxmodena.it","isPartOf":{"@id":"https:\/\/www.linoxmodena.it\/fr\/#website"},"primaryImageOfPage":{"@id":"https:\/\/www.linoxmodena.it\/fr\/product\/pesche-susine-albicocche-kiwi\/#primaryimage"},"image":{"@id":"https:\/\/www.linoxmodena.it\/fr\/product\/pesche-susine-albicocche-kiwi\/#primaryimage"},"thumbnailUrl":"https:\/\/linoxmodena.it\/wp-content\/uploads\/2025\/06\/albicocche-1-1024x575.webp","datePublished":"2025-06-30T14:50:45+00:00","dateModified":"2025-09-12T13:15:50+00:00","breadcrumb":{"@id":"https:\/\/www.linoxmodena.it\/fr\/product\/pesche-susine-albicocche-kiwi\/#breadcrumb"},"inLanguage":"fr-FR","potentialAction":[{"@type":"ReadAction","target":["https:\/\/www.linoxmodena.it\/fr\/product\/pesche-susine-albicocche-kiwi\/"]}]},{"@type":"ImageObject","inLanguage":"fr-FR","@id":"https:\/\/www.linoxmodena.it\/fr\/product\/pesche-susine-albicocche-kiwi\/#primaryimage","url":"https:\/\/linoxmodena.it\/wp-content\/uploads\/2025\/06\/albicocche-1-1024x575.webp","contentUrl":"https:\/\/linoxmodena.it\/wp-content\/uploads\/2025\/06\/albicocche-1-1024x575.webp"},{"@type":"BreadcrumbList","@id":"https:\/\/www.linoxmodena.it\/fr\/product\/pesche-susine-albicocche-kiwi\/#breadcrumb","itemListElement":[{"@type":"ListItem","position":1,"name":"Home","item":"https:\/\/www.linoxmodena.it\/fr\/home-page\/"},{"@type":"ListItem","position":2,"name":"produits","item":"https:\/\/www.linoxmodena.it\/fr\/archivio-prodotti\/"},{"@type":"ListItem","position":3,"name":"P\u00eaches, prunes, abricots, kiwis"}]},{"@type":"WebSite","@id":"https:\/\/www.linoxmodena.it\/fr\/#website","url":"https:\/\/www.linoxmodena.it\/fr\/","name":"linoxmodena.it","description":"","potentialAction":[{"@type":"SearchAction","target":{"@type":"EntryPoint","urlTemplate":"https:\/\/www.linoxmodena.it\/fr\/?s={search_term_string}"},"query-input":{"@type":"PropertyValueSpecification","valueRequired":true,"valueName":"search_term_string"}}],"inLanguage":"fr-FR"}]}},"_links":{"self":[{"href":"https:\/\/www.linoxmodena.it\/fr\/wp-json\/wp\/v2\/product\/1256","targetHints":{"allow":["GET"]}}],"collection":[{"href":"https:\/\/www.linoxmodena.it\/fr\/wp-json\/wp\/v2\/product"}],"about":[{"href":"https:\/\/www.linoxmodena.it\/fr\/wp-json\/wp\/v2\/types\/product"}],"version-history":[{"count":3,"href":"https:\/\/www.linoxmodena.it\/fr\/wp-json\/wp\/v2\/product\/1256\/revisions"}],"predecessor-version":[{"id":1920,"href":"https:\/\/www.linoxmodena.it\/fr\/wp-json\/wp\/v2\/product\/1256\/revisions\/1920"}],"wp:attachment":[{"href":"https:\/\/www.linoxmodena.it\/fr\/wp-json\/wp\/v2\/media?parent=1256"}],"wp:term":[{"taxonomy":"product-category","embeddable":true,"href":"https:\/\/www.linoxmodena.it\/fr\/wp-json\/wp\/v2\/product-category?post=1256"}],"curies":[{"name":"wp","href":"https:\/\/api.w.org\/{rel}","templated":true}]}}