{"id":1232,"date":"2025-06-30T13:41:14","date_gmt":"2025-06-30T12:41:14","guid":{"rendered":"https:\/\/www.linoxmodena.it\/product\/oranges-mandarines-citrons-kakis-pommes-et-poires\/"},"modified":"2025-09-12T14:12:38","modified_gmt":"2025-09-12T13:12:38","slug":"oranges-mandarines-citrons-kakis-pommes-et-poires","status":"publish","type":"product","link":"https:\/\/www.linoxmodena.it\/fr\/product\/oranges-mandarines-citrons-kakis-pommes-et-poires\/","title":{"rendered":"Oranges, mandarines, citrons, kakis, pommes et poires"},"content":{"rendered":"\n<p>Les fruits peuvent arriver de la r\u00e9colte en caisses ou en palox, et selon le type de fruit trait\u00e9, le vidage peut \u00eatre effectu\u00e9 \u00e0 sec ou en eau. Ces machines, manuelles ou automatiques et autor\u00e9gulatrices, sont con\u00e7ues pour une flexibilit\u00e9 et une efficacit\u00e9 maximale. Ensuite, nous passons \u00e0 une phase de tri manuel, o\u00f9 nous pouvons brosser le produit si n\u00e9cessaire, le laver et le s\u00e9cher, et m\u00eame, dans le cas des agrumes ou des pommes, le cirer. Pr\u00eats pour le calibrage, nos fruits sont tri\u00e9s par des calibreuses m\u00e9caniques ou \u00e9lectroniques (poids, diam\u00e8tre, couleur, qualit\u00e9 interne et externe), puis conditionn\u00e9s (tables d&#8217;emballage rapide (rapid-pack) , tables de recirculation) ou pr\u00e9calibr\u00e9s en caisses ou en palox (diff\u00e9rents mod\u00e8les de remplisseuses et de machines pour le d\u00e9placement des palox).<\/p>\n\n<figure class=\"wp-block-gallery has-nested-images columns-default is-cropped wp-block-gallery-1 is-layout-flex wp-block-gallery-is-layout-flex\">\n<figure class=\"wp-block-image size-large\"><a href=\"https:\/\/linoxmodena.it\/wp-content\/uploads\/2025\/06\/cachi2.webp\"><img fetchpriority=\"high\" decoding=\"async\" width=\"480\" height=\"360\" data-id=\"900\" src=\"https:\/\/linoxmodena.it\/wp-content\/uploads\/2025\/06\/cachi2.webp\" alt=\"\" class=\"wp-image-900\" srcset=\"https:\/\/www.linoxmodena.it\/wp-content\/uploads\/2025\/06\/cachi2.webp 480w, https:\/\/www.linoxmodena.it\/wp-content\/uploads\/2025\/06\/cachi2-300x225.webp 300w\" sizes=\"(max-width: 480px) 100vw, 480px\" \/><\/a><\/figure>\n\n\n\n<figure class=\"wp-block-image size-large\"><a href=\"https:\/\/linoxmodena.it\/wp-content\/uploads\/2025\/06\/cachi3.webp\"><img decoding=\"async\" width=\"480\" height=\"360\" data-id=\"903\" src=\"https:\/\/linoxmodena.it\/wp-content\/uploads\/2025\/06\/cachi3.webp\" alt=\"\" class=\"wp-image-903\" srcset=\"https:\/\/www.linoxmodena.it\/wp-content\/uploads\/2025\/06\/cachi3.webp 480w, https:\/\/www.linoxmodena.it\/wp-content\/uploads\/2025\/06\/cachi3-300x225.webp 300w\" sizes=\"(max-width: 480px) 100vw, 480px\" \/><\/a><\/figure>\n\n\n\n<figure class=\"wp-block-image size-large\"><a href=\"https:\/\/linoxmodena.it\/wp-content\/uploads\/2025\/06\/mandarini.webp\"><img decoding=\"async\" width=\"640\" height=\"352\" data-id=\"902\" src=\"https:\/\/linoxmodena.it\/wp-content\/uploads\/2025\/06\/mandarini.webp\" alt=\"\" class=\"wp-image-902\" srcset=\"https:\/\/www.linoxmodena.it\/wp-content\/uploads\/2025\/06\/mandarini.webp 640w, https:\/\/www.linoxmodena.it\/wp-content\/uploads\/2025\/06\/mandarini-300x165.webp 300w\" sizes=\"(max-width: 640px) 100vw, 640px\" \/><\/a><\/figure>\n\n\n\n<figure class=\"wp-block-image size-large\"><a href=\"https:\/\/linoxmodena.it\/wp-content\/uploads\/2025\/06\/mandarini2.webp\"><img loading=\"lazy\" decoding=\"async\" width=\"640\" height=\"352\" data-id=\"904\" src=\"https:\/\/linoxmodena.it\/wp-content\/uploads\/2025\/06\/mandarini2.webp\" alt=\"\" class=\"wp-image-904\" srcset=\"https:\/\/www.linoxmodena.it\/wp-content\/uploads\/2025\/06\/mandarini2.webp 640w, https:\/\/www.linoxmodena.it\/wp-content\/uploads\/2025\/06\/mandarini2-300x165.webp 300w\" sizes=\"(max-width: 640px) 100vw, 640px\" \/><\/a><\/figure>\n\n\n\n<figure class=\"wp-block-image size-large\"><a href=\"https:\/\/linoxmodena.it\/wp-content\/uploads\/2025\/06\/mele.webp\"><img loading=\"lazy\" decoding=\"async\" width=\"1024\" height=\"768\" data-id=\"901\" src=\"https:\/\/linoxmodena.it\/wp-content\/uploads\/2025\/06\/mele-1024x768.webp\" alt=\"\" class=\"wp-image-901\" srcset=\"https:\/\/www.linoxmodena.it\/wp-content\/uploads\/2025\/06\/mele-1024x768.webp 1024w, https:\/\/www.linoxmodena.it\/wp-content\/uploads\/2025\/06\/mele-300x225.webp 300w, https:\/\/www.linoxmodena.it\/wp-content\/uploads\/2025\/06\/mele-768x576.webp 768w, https:\/\/www.linoxmodena.it\/wp-content\/uploads\/2025\/06\/mele.webp 1152w\" sizes=\"(max-width: 1024px) 100vw, 1024px\" \/><\/a><\/figure>\n\n\n\n<figure class=\"wp-block-image size-large\"><a href=\"https:\/\/linoxmodena.it\/wp-content\/uploads\/2025\/06\/mele2.webp\"><img loading=\"lazy\" decoding=\"async\" width=\"1024\" height=\"576\" data-id=\"899\" src=\"https:\/\/linoxmodena.it\/wp-content\/uploads\/2025\/06\/mele2-1024x576.webp\" alt=\"\" class=\"wp-image-899\" srcset=\"https:\/\/www.linoxmodena.it\/wp-content\/uploads\/2025\/06\/mele2-1024x576.webp 1024w, https:\/\/www.linoxmodena.it\/wp-content\/uploads\/2025\/06\/mele2-300x169.webp 300w, https:\/\/www.linoxmodena.it\/wp-content\/uploads\/2025\/06\/mele2-768x432.webp 768w, https:\/\/www.linoxmodena.it\/wp-content\/uploads\/2025\/06\/mele2.webp 1280w\" sizes=\"(max-width: 1024px) 100vw, 1024px\" \/><\/a><\/figure>\n\n\n\n<figure class=\"wp-block-image size-large\"><a href=\"https:\/\/linoxmodena.it\/wp-content\/uploads\/2025\/06\/mele3.webp\"><img loading=\"lazy\" decoding=\"async\" width=\"1024\" height=\"768\" data-id=\"907\" src=\"https:\/\/linoxmodena.it\/wp-content\/uploads\/2025\/06\/mele3-1024x768.webp\" alt=\"\" class=\"wp-image-907\" srcset=\"https:\/\/www.linoxmodena.it\/wp-content\/uploads\/2025\/06\/mele3-1024x768.webp 1024w, https:\/\/www.linoxmodena.it\/wp-content\/uploads\/2025\/06\/mele3-300x225.webp 300w, https:\/\/www.linoxmodena.it\/wp-content\/uploads\/2025\/06\/mele3-768x576.webp 768w, https:\/\/www.linoxmodena.it\/wp-content\/uploads\/2025\/06\/mele3.webp 1500w\" sizes=\"(max-width: 1024px) 100vw, 1024px\" \/><\/a><\/figure>\n\n\n\n<figure class=\"wp-block-image size-large\"><a href=\"https:\/\/linoxmodena.it\/wp-content\/uploads\/2025\/06\/pere.webp\"><img loading=\"lazy\" decoding=\"async\" width=\"1024\" height=\"576\" data-id=\"905\" src=\"https:\/\/linoxmodena.it\/wp-content\/uploads\/2025\/06\/pere-1024x576.webp\" alt=\"\" class=\"wp-image-905\" srcset=\"https:\/\/www.linoxmodena.it\/wp-content\/uploads\/2025\/06\/pere-1024x576.webp 1024w, https:\/\/www.linoxmodena.it\/wp-content\/uploads\/2025\/06\/pere-300x169.webp 300w, https:\/\/www.linoxmodena.it\/wp-content\/uploads\/2025\/06\/pere-768x432.webp 768w, https:\/\/www.linoxmodena.it\/wp-content\/uploads\/2025\/06\/pere.webp 1500w\" sizes=\"(max-width: 1024px) 100vw, 1024px\" \/><\/a><\/figure>\n\n\n\n<figure class=\"wp-block-image size-large\"><a href=\"https:\/\/linoxmodena.it\/wp-content\/uploads\/2025\/06\/pere2.webp\"><img loading=\"lazy\" decoding=\"async\" width=\"1024\" height=\"576\" data-id=\"906\" src=\"https:\/\/linoxmodena.it\/wp-content\/uploads\/2025\/06\/pere2-1024x576.webp\" alt=\"\" class=\"wp-image-906\" srcset=\"https:\/\/www.linoxmodena.it\/wp-content\/uploads\/2025\/06\/pere2-1024x576.webp 1024w, https:\/\/www.linoxmodena.it\/wp-content\/uploads\/2025\/06\/pere2-300x169.webp 300w, https:\/\/www.linoxmodena.it\/wp-content\/uploads\/2025\/06\/pere2-768x432.webp 768w, https:\/\/www.linoxmodena.it\/wp-content\/uploads\/2025\/06\/pere2.webp 1500w\" sizes=\"(max-width: 1024px) 100vw, 1024px\" \/><\/a><\/figure>\n<\/figure>\n","protected":false},"excerpt":{"rendered":"<p>Les fruits peuvent arriver de la r\u00e9colte en caisses ou en palox, et selon le type de fruit trait\u00e9, le vidage peut \u00eatre effectu\u00e9 \u00e0 sec ou en eau. Ces machines, manuelles ou automatiques et autor\u00e9gulatrices, sont con\u00e7ues pour une flexibilit\u00e9 et une efficacit\u00e9 maximale. Ensuite, nous passons \u00e0 une phase de tri manuel, o\u00f9 [&hellip;]<\/p>\n","protected":false},"featured_media":1554,"template":"","meta":{"_acf_changed":false,"footnotes":""},"product-category":[31],"class_list":["post-1232","product","type-product","status-publish","has-post-thumbnail","hentry","product-category-transformation-des-fruits"],"acf":[],"yoast_head":"<!-- This site is optimized with the Yoast SEO plugin v25.9 - https:\/\/yoast.com\/wordpress\/plugins\/seo\/ -->\n<title>Oranges, mandarines, citrons, kakis, pommes et poires - linoxmodena.it<\/title>\n<meta name=\"robots\" content=\"index, follow, max-snippet:-1, max-image-preview:large, max-video-preview:-1\" \/>\n<link rel=\"canonical\" href=\"https:\/\/www.linoxmodena.it\/fr\/product\/oranges-mandarines-citrons-kakis-pommes-et-poires\/\" \/>\n<meta property=\"og:locale\" content=\"fr_FR\" \/>\n<meta property=\"og:type\" content=\"article\" \/>\n<meta property=\"og:title\" content=\"Oranges, mandarines, citrons, kakis, pommes et poires - linoxmodena.it\" \/>\n<meta property=\"og:description\" content=\"Les fruits peuvent arriver de la r\u00e9colte en caisses ou en palox, et selon le type de fruit trait\u00e9, le vidage peut \u00eatre effectu\u00e9 \u00e0 sec ou en eau. Ces machines, manuelles ou automatiques et autor\u00e9gulatrices, sont con\u00e7ues pour une flexibilit\u00e9 et une efficacit\u00e9 maximale. Ensuite, nous passons \u00e0 une phase de tri manuel, o\u00f9 [&hellip;]\" \/>\n<meta property=\"og:url\" content=\"https:\/\/www.linoxmodena.it\/fr\/product\/oranges-mandarines-citrons-kakis-pommes-et-poires\/\" \/>\n<meta property=\"og:site_name\" content=\"linoxmodena.it\" \/>\n<meta property=\"article:modified_time\" content=\"2025-09-12T13:12:38+00:00\" \/>\n<meta property=\"og:image\" content=\"https:\/\/www.linoxmodena.it\/wp-content\/uploads\/2025\/06\/Arance-Madarini-ecc1.webp\" \/>\n\t<meta property=\"og:image:width\" content=\"1024\" \/>\n\t<meta property=\"og:image:height\" content=\"1024\" \/>\n\t<meta property=\"og:image:type\" content=\"image\/webp\" \/>\n<meta name=\"twitter:card\" content=\"summary_large_image\" \/>\n<meta name=\"twitter:label1\" content=\"Dur\u00e9e de lecture estim\u00e9e\" \/>\n\t<meta name=\"twitter:data1\" content=\"3 minutes\" \/>\n<script type=\"application\/ld+json\" class=\"yoast-schema-graph\">{\"@context\":\"https:\/\/schema.org\",\"@graph\":[{\"@type\":\"WebPage\",\"@id\":\"https:\/\/www.linoxmodena.it\/fr\/product\/oranges-mandarines-citrons-kakis-pommes-et-poires\/\",\"url\":\"https:\/\/www.linoxmodena.it\/fr\/product\/oranges-mandarines-citrons-kakis-pommes-et-poires\/\",\"name\":\"Oranges, mandarines, citrons, kakis, pommes et poires - linoxmodena.it\",\"isPartOf\":{\"@id\":\"https:\/\/www.linoxmodena.it\/fr\/#website\"},\"primaryImageOfPage\":{\"@id\":\"https:\/\/www.linoxmodena.it\/fr\/product\/oranges-mandarines-citrons-kakis-pommes-et-poires\/#primaryimage\"},\"image\":{\"@id\":\"https:\/\/www.linoxmodena.it\/fr\/product\/oranges-mandarines-citrons-kakis-pommes-et-poires\/#primaryimage\"},\"thumbnailUrl\":\"https:\/\/www.linoxmodena.it\/wp-content\/uploads\/2025\/06\/Arance-Madarini-ecc1.webp\",\"datePublished\":\"2025-06-30T12:41:14+00:00\",\"dateModified\":\"2025-09-12T13:12:38+00:00\",\"breadcrumb\":{\"@id\":\"https:\/\/www.linoxmodena.it\/fr\/product\/oranges-mandarines-citrons-kakis-pommes-et-poires\/#breadcrumb\"},\"inLanguage\":\"fr-FR\",\"potentialAction\":[{\"@type\":\"ReadAction\",\"target\":[\"https:\/\/www.linoxmodena.it\/fr\/product\/oranges-mandarines-citrons-kakis-pommes-et-poires\/\"]}]},{\"@type\":\"ImageObject\",\"inLanguage\":\"fr-FR\",\"@id\":\"https:\/\/www.linoxmodena.it\/fr\/product\/oranges-mandarines-citrons-kakis-pommes-et-poires\/#primaryimage\",\"url\":\"https:\/\/www.linoxmodena.it\/wp-content\/uploads\/2025\/06\/Arance-Madarini-ecc1.webp\",\"contentUrl\":\"https:\/\/www.linoxmodena.it\/wp-content\/uploads\/2025\/06\/Arance-Madarini-ecc1.webp\",\"width\":1024,\"height\":1024},{\"@type\":\"BreadcrumbList\",\"@id\":\"https:\/\/www.linoxmodena.it\/fr\/product\/oranges-mandarines-citrons-kakis-pommes-et-poires\/#breadcrumb\",\"itemListElement\":[{\"@type\":\"ListItem\",\"position\":1,\"name\":\"Home\",\"item\":\"https:\/\/www.linoxmodena.it\/fr\/home-page\/\"},{\"@type\":\"ListItem\",\"position\":2,\"name\":\"produits\",\"item\":\"https:\/\/www.linoxmodena.it\/fr\/archivio-prodotti\/\"},{\"@type\":\"ListItem\",\"position\":3,\"name\":\"Oranges, mandarines, citrons, kakis, pommes et poires\"}]},{\"@type\":\"WebSite\",\"@id\":\"https:\/\/www.linoxmodena.it\/fr\/#website\",\"url\":\"https:\/\/www.linoxmodena.it\/fr\/\",\"name\":\"linoxmodena.it\",\"description\":\"\",\"potentialAction\":[{\"@type\":\"SearchAction\",\"target\":{\"@type\":\"EntryPoint\",\"urlTemplate\":\"https:\/\/www.linoxmodena.it\/fr\/?s={search_term_string}\"},\"query-input\":{\"@type\":\"PropertyValueSpecification\",\"valueRequired\":true,\"valueName\":\"search_term_string\"}}],\"inLanguage\":\"fr-FR\"}]}<\/script>\n<!-- \/ Yoast SEO plugin. -->","yoast_head_json":{"title":"Oranges, mandarines, citrons, kakis, pommes et poires - linoxmodena.it","robots":{"index":"index","follow":"follow","max-snippet":"max-snippet:-1","max-image-preview":"max-image-preview:large","max-video-preview":"max-video-preview:-1"},"canonical":"https:\/\/www.linoxmodena.it\/fr\/product\/oranges-mandarines-citrons-kakis-pommes-et-poires\/","og_locale":"fr_FR","og_type":"article","og_title":"Oranges, mandarines, citrons, kakis, pommes et poires - linoxmodena.it","og_description":"Les fruits peuvent arriver de la r\u00e9colte en caisses ou en palox, et selon le type de fruit trait\u00e9, le vidage peut \u00eatre effectu\u00e9 \u00e0 sec ou en eau. Ces machines, manuelles ou automatiques et autor\u00e9gulatrices, sont con\u00e7ues pour une flexibilit\u00e9 et une efficacit\u00e9 maximale. Ensuite, nous passons \u00e0 une phase de tri manuel, o\u00f9 [&hellip;]","og_url":"https:\/\/www.linoxmodena.it\/fr\/product\/oranges-mandarines-citrons-kakis-pommes-et-poires\/","og_site_name":"linoxmodena.it","article_modified_time":"2025-09-12T13:12:38+00:00","og_image":[{"width":1024,"height":1024,"url":"https:\/\/www.linoxmodena.it\/wp-content\/uploads\/2025\/06\/Arance-Madarini-ecc1.webp","type":"image\/webp"}],"twitter_card":"summary_large_image","twitter_misc":{"Dur\u00e9e de lecture estim\u00e9e":"3 minutes"},"schema":{"@context":"https:\/\/schema.org","@graph":[{"@type":"WebPage","@id":"https:\/\/www.linoxmodena.it\/fr\/product\/oranges-mandarines-citrons-kakis-pommes-et-poires\/","url":"https:\/\/www.linoxmodena.it\/fr\/product\/oranges-mandarines-citrons-kakis-pommes-et-poires\/","name":"Oranges, mandarines, citrons, kakis, pommes et poires - linoxmodena.it","isPartOf":{"@id":"https:\/\/www.linoxmodena.it\/fr\/#website"},"primaryImageOfPage":{"@id":"https:\/\/www.linoxmodena.it\/fr\/product\/oranges-mandarines-citrons-kakis-pommes-et-poires\/#primaryimage"},"image":{"@id":"https:\/\/www.linoxmodena.it\/fr\/product\/oranges-mandarines-citrons-kakis-pommes-et-poires\/#primaryimage"},"thumbnailUrl":"https:\/\/www.linoxmodena.it\/wp-content\/uploads\/2025\/06\/Arance-Madarini-ecc1.webp","datePublished":"2025-06-30T12:41:14+00:00","dateModified":"2025-09-12T13:12:38+00:00","breadcrumb":{"@id":"https:\/\/www.linoxmodena.it\/fr\/product\/oranges-mandarines-citrons-kakis-pommes-et-poires\/#breadcrumb"},"inLanguage":"fr-FR","potentialAction":[{"@type":"ReadAction","target":["https:\/\/www.linoxmodena.it\/fr\/product\/oranges-mandarines-citrons-kakis-pommes-et-poires\/"]}]},{"@type":"ImageObject","inLanguage":"fr-FR","@id":"https:\/\/www.linoxmodena.it\/fr\/product\/oranges-mandarines-citrons-kakis-pommes-et-poires\/#primaryimage","url":"https:\/\/www.linoxmodena.it\/wp-content\/uploads\/2025\/06\/Arance-Madarini-ecc1.webp","contentUrl":"https:\/\/www.linoxmodena.it\/wp-content\/uploads\/2025\/06\/Arance-Madarini-ecc1.webp","width":1024,"height":1024},{"@type":"BreadcrumbList","@id":"https:\/\/www.linoxmodena.it\/fr\/product\/oranges-mandarines-citrons-kakis-pommes-et-poires\/#breadcrumb","itemListElement":[{"@type":"ListItem","position":1,"name":"Home","item":"https:\/\/www.linoxmodena.it\/fr\/home-page\/"},{"@type":"ListItem","position":2,"name":"produits","item":"https:\/\/www.linoxmodena.it\/fr\/archivio-prodotti\/"},{"@type":"ListItem","position":3,"name":"Oranges, mandarines, citrons, kakis, pommes et poires"}]},{"@type":"WebSite","@id":"https:\/\/www.linoxmodena.it\/fr\/#website","url":"https:\/\/www.linoxmodena.it\/fr\/","name":"linoxmodena.it","description":"","potentialAction":[{"@type":"SearchAction","target":{"@type":"EntryPoint","urlTemplate":"https:\/\/www.linoxmodena.it\/fr\/?s={search_term_string}"},"query-input":{"@type":"PropertyValueSpecification","valueRequired":true,"valueName":"search_term_string"}}],"inLanguage":"fr-FR"}]}},"_links":{"self":[{"href":"https:\/\/www.linoxmodena.it\/fr\/wp-json\/wp\/v2\/product\/1232","targetHints":{"allow":["GET"]}}],"collection":[{"href":"https:\/\/www.linoxmodena.it\/fr\/wp-json\/wp\/v2\/product"}],"about":[{"href":"https:\/\/www.linoxmodena.it\/fr\/wp-json\/wp\/v2\/types\/product"}],"version-history":[{"count":4,"href":"https:\/\/www.linoxmodena.it\/fr\/wp-json\/wp\/v2\/product\/1232\/revisions"}],"predecessor-version":[{"id":1916,"href":"https:\/\/www.linoxmodena.it\/fr\/wp-json\/wp\/v2\/product\/1232\/revisions\/1916"}],"wp:featuredmedia":[{"embeddable":true,"href":"https:\/\/www.linoxmodena.it\/fr\/wp-json\/wp\/v2\/media\/1554"}],"wp:attachment":[{"href":"https:\/\/www.linoxmodena.it\/fr\/wp-json\/wp\/v2\/media?parent=1232"}],"wp:term":[{"taxonomy":"product-category","embeddable":true,"href":"https:\/\/www.linoxmodena.it\/fr\/wp-json\/wp\/v2\/product-category?post=1232"}],"curies":[{"name":"wp","href":"https:\/\/api.w.org\/{rel}","templated":true}]}}