{"id":1222,"date":"2025-06-30T15:52:59","date_gmt":"2025-06-30T14:52:59","guid":{"rendered":"https:\/\/www.linoxmodena.it\/product\/carottes\/"},"modified":"2025-09-12T14:20:13","modified_gmt":"2025-09-12T13:20:13","slug":"carottes","status":"publish","type":"product","link":"https:\/\/www.linoxmodena.it\/fr\/product\/carottes\/","title":{"rendered":"Carottes"},"content":{"rendered":"\n<p>Ce type de produit est transform\u00e9 selon les demandes des clients, qui doivent r\u00e9pondre aux besoins du march\u00e9 et de la grande distribution. Les diff\u00e9rentes \u00e9tapes comprennent le lavage, l\u2019arrachage, le nettoyage, le calibrage m\u00e9canique et le conditionnement, une \u00e9tape particuli\u00e8rement d\u00e9licate du processus de s\u00e9lection, qui d\u00e9termine la pr\u00e9sentation du produit sur le march\u00e9.<\/p>\n\n<figure class=\"wp-block-gallery has-nested-images columns-default is-cropped wp-block-gallery-1 is-layout-flex wp-block-gallery-is-layout-flex\">\n<figure class=\"wp-block-image size-large\"><a href=\"https:\/\/linoxmodena.it\/wp-content\/uploads\/2025\/06\/IM002015.webp\"><img fetchpriority=\"high\" decoding=\"async\" width=\"1024\" height=\"768\" data-id=\"884\" src=\"https:\/\/linoxmodena.it\/wp-content\/uploads\/2025\/06\/IM002015-1024x768.webp\" alt=\"\" class=\"wp-image-884\" srcset=\"https:\/\/www.linoxmodena.it\/wp-content\/uploads\/2025\/06\/IM002015-1024x768.webp 1024w, https:\/\/www.linoxmodena.it\/wp-content\/uploads\/2025\/06\/IM002015-300x225.webp 300w, https:\/\/www.linoxmodena.it\/wp-content\/uploads\/2025\/06\/IM002015-768x576.webp 768w, https:\/\/www.linoxmodena.it\/wp-content\/uploads\/2025\/06\/IM002015.webp 1152w\" sizes=\"(max-width: 1024px) 100vw, 1024px\" \/><\/a><\/figure>\n\n\n\n<figure class=\"wp-block-image size-large\"><a href=\"https:\/\/linoxmodena.it\/wp-content\/uploads\/2025\/06\/vlcsnap-c1.webp\"><img decoding=\"async\" width=\"1024\" height=\"576\" data-id=\"892\" src=\"https:\/\/linoxmodena.it\/wp-content\/uploads\/2025\/06\/vlcsnap-c1-1024x576.webp\" alt=\"\" class=\"wp-image-892\" srcset=\"https:\/\/www.linoxmodena.it\/wp-content\/uploads\/2025\/06\/vlcsnap-c1-1024x576.webp 1024w, https:\/\/www.linoxmodena.it\/wp-content\/uploads\/2025\/06\/vlcsnap-c1-300x169.webp 300w, https:\/\/www.linoxmodena.it\/wp-content\/uploads\/2025\/06\/vlcsnap-c1-768x432.webp 768w, https:\/\/www.linoxmodena.it\/wp-content\/uploads\/2025\/06\/vlcsnap-c1.webp 1280w\" sizes=\"(max-width: 1024px) 100vw, 1024px\" \/><\/a><\/figure>\n\n\n\n<figure class=\"wp-block-image size-large\"><a href=\"https:\/\/linoxmodena.it\/wp-content\/uploads\/2025\/06\/vlcsnap-c2.webp\"><img decoding=\"async\" width=\"1024\" height=\"576\" data-id=\"887\" src=\"https:\/\/linoxmodena.it\/wp-content\/uploads\/2025\/06\/vlcsnap-c2-1024x576.webp\" alt=\"\" class=\"wp-image-887\" srcset=\"https:\/\/www.linoxmodena.it\/wp-content\/uploads\/2025\/06\/vlcsnap-c2-1024x576.webp 1024w, https:\/\/www.linoxmodena.it\/wp-content\/uploads\/2025\/06\/vlcsnap-c2-300x169.webp 300w, https:\/\/www.linoxmodena.it\/wp-content\/uploads\/2025\/06\/vlcsnap-c2-768x432.webp 768w, https:\/\/www.linoxmodena.it\/wp-content\/uploads\/2025\/06\/vlcsnap-c2.webp 1280w\" sizes=\"(max-width: 1024px) 100vw, 1024px\" \/><\/a><\/figure>\n\n\n\n<figure class=\"wp-block-image size-large\"><a href=\"https:\/\/linoxmodena.it\/wp-content\/uploads\/2025\/06\/vlcsnap-c3.webp\"><img loading=\"lazy\" decoding=\"async\" width=\"853\" height=\"480\" data-id=\"885\" src=\"https:\/\/linoxmodena.it\/wp-content\/uploads\/2025\/06\/vlcsnap-c3.webp\" alt=\"\" class=\"wp-image-885\" srcset=\"https:\/\/www.linoxmodena.it\/wp-content\/uploads\/2025\/06\/vlcsnap-c3.webp 853w, https:\/\/www.linoxmodena.it\/wp-content\/uploads\/2025\/06\/vlcsnap-c3-300x169.webp 300w, https:\/\/www.linoxmodena.it\/wp-content\/uploads\/2025\/06\/vlcsnap-c3-768x432.webp 768w\" sizes=\"(max-width: 853px) 100vw, 853px\" \/><\/a><\/figure>\n\n\n\n<figure class=\"wp-block-image size-large\"><a href=\"https:\/\/linoxmodena.it\/wp-content\/uploads\/2025\/06\/vlcsnap-c4.webp\"><img loading=\"lazy\" decoding=\"async\" width=\"853\" height=\"480\" data-id=\"893\" src=\"https:\/\/linoxmodena.it\/wp-content\/uploads\/2025\/06\/vlcsnap-c4.webp\" alt=\"\" class=\"wp-image-893\" srcset=\"https:\/\/www.linoxmodena.it\/wp-content\/uploads\/2025\/06\/vlcsnap-c4.webp 853w, https:\/\/www.linoxmodena.it\/wp-content\/uploads\/2025\/06\/vlcsnap-c4-300x169.webp 300w, https:\/\/www.linoxmodena.it\/wp-content\/uploads\/2025\/06\/vlcsnap-c4-768x432.webp 768w\" sizes=\"(max-width: 853px) 100vw, 853px\" \/><\/a><\/figure>\n\n\n\n<figure class=\"wp-block-image size-large\"><a href=\"https:\/\/linoxmodena.it\/wp-content\/uploads\/2025\/06\/vlcsnap-c5.webp\"><img loading=\"lazy\" decoding=\"async\" width=\"853\" height=\"480\" data-id=\"894\" src=\"https:\/\/linoxmodena.it\/wp-content\/uploads\/2025\/06\/vlcsnap-c5.webp\" alt=\"\" class=\"wp-image-894\" srcset=\"https:\/\/www.linoxmodena.it\/wp-content\/uploads\/2025\/06\/vlcsnap-c5.webp 853w, https:\/\/www.linoxmodena.it\/wp-content\/uploads\/2025\/06\/vlcsnap-c5-300x169.webp 300w, https:\/\/www.linoxmodena.it\/wp-content\/uploads\/2025\/06\/vlcsnap-c5-768x432.webp 768w\" sizes=\"(max-width: 853px) 100vw, 853px\" \/><\/a><\/figure>\n\n\n\n<figure class=\"wp-block-image size-large\"><a href=\"https:\/\/linoxmodena.it\/wp-content\/uploads\/2025\/06\/vlcsnap-c6.webp\"><img loading=\"lazy\" decoding=\"async\" width=\"720\" height=\"400\" data-id=\"891\" src=\"https:\/\/linoxmodena.it\/wp-content\/uploads\/2025\/06\/vlcsnap-c6.webp\" alt=\"\" class=\"wp-image-891\" srcset=\"https:\/\/www.linoxmodena.it\/wp-content\/uploads\/2025\/06\/vlcsnap-c6.webp 720w, https:\/\/www.linoxmodena.it\/wp-content\/uploads\/2025\/06\/vlcsnap-c6-300x167.webp 300w\" sizes=\"(max-width: 720px) 100vw, 720px\" \/><\/a><\/figure>\n\n\n\n<figure class=\"wp-block-image size-large\"><a href=\"https:\/\/linoxmodena.it\/wp-content\/uploads\/2025\/06\/vlcsnap-c8.webp\"><img loading=\"lazy\" decoding=\"async\" width=\"720\" height=\"400\" data-id=\"888\" src=\"https:\/\/linoxmodena.it\/wp-content\/uploads\/2025\/06\/vlcsnap-c8.webp\" alt=\"\" class=\"wp-image-888\" srcset=\"https:\/\/www.linoxmodena.it\/wp-content\/uploads\/2025\/06\/vlcsnap-c8.webp 720w, https:\/\/www.linoxmodena.it\/wp-content\/uploads\/2025\/06\/vlcsnap-c8-300x167.webp 300w\" sizes=\"(max-width: 720px) 100vw, 720px\" \/><\/a><\/figure>\n\n\n\n<figure class=\"wp-block-image size-large\"><a href=\"https:\/\/linoxmodena.it\/wp-content\/uploads\/2025\/06\/WP_20150327_09_40_18_Pro.webp\"><img loading=\"lazy\" decoding=\"async\" width=\"1024\" height=\"575\" data-id=\"886\" src=\"https:\/\/linoxmodena.it\/wp-content\/uploads\/2025\/06\/WP_20150327_09_40_18_Pro-1024x575.webp\" alt=\"\" class=\"wp-image-886\" srcset=\"https:\/\/www.linoxmodena.it\/wp-content\/uploads\/2025\/06\/WP_20150327_09_40_18_Pro-1024x575.webp 1024w, https:\/\/www.linoxmodena.it\/wp-content\/uploads\/2025\/06\/WP_20150327_09_40_18_Pro-300x169.webp 300w, https:\/\/www.linoxmodena.it\/wp-content\/uploads\/2025\/06\/WP_20150327_09_40_18_Pro-768x432.webp 768w, https:\/\/www.linoxmodena.it\/wp-content\/uploads\/2025\/06\/WP_20150327_09_40_18_Pro.webp 1500w\" sizes=\"(max-width: 1024px) 100vw, 1024px\" \/><\/a><\/figure>\n<\/figure>\n","protected":false},"excerpt":{"rendered":"<p>Ce type de produit est transform\u00e9 selon les demandes des clients, qui doivent r\u00e9pondre aux besoins du march\u00e9 et de la grande distribution. Les diff\u00e9rentes \u00e9tapes comprennent le lavage, l\u2019arrachage, le nettoyage, le calibrage m\u00e9canique et le conditionnement, une \u00e9tape particuli\u00e8rement d\u00e9licate du processus de s\u00e9lection, qui d\u00e9termine la pr\u00e9sentation du produit sur le march\u00e9.<\/p>\n","protected":false},"featured_media":1601,"template":"","meta":{"_acf_changed":false,"footnotes":""},"product-category":[30],"class_list":["post-1222","product","type-product","status-publish","has-post-thumbnail","hentry","product-category-transformation-des-legumes"],"acf":[],"yoast_head":"<!-- This site is optimized with the Yoast SEO plugin v25.9 - https:\/\/yoast.com\/wordpress\/plugins\/seo\/ -->\n<title>Carottes - linoxmodena.it<\/title>\n<meta name=\"robots\" content=\"index, follow, max-snippet:-1, max-image-preview:large, max-video-preview:-1\" \/>\n<link rel=\"canonical\" href=\"https:\/\/www.linoxmodena.it\/fr\/product\/carottes\/\" \/>\n<meta property=\"og:locale\" content=\"fr_FR\" \/>\n<meta property=\"og:type\" content=\"article\" \/>\n<meta property=\"og:title\" content=\"Carottes - linoxmodena.it\" \/>\n<meta property=\"og:description\" content=\"Ce type de produit est transform\u00e9 selon les demandes des clients, qui doivent r\u00e9pondre aux besoins du march\u00e9 et de la grande distribution. Les diff\u00e9rentes \u00e9tapes comprennent le lavage, l\u2019arrachage, le nettoyage, le calibrage m\u00e9canique et le conditionnement, une \u00e9tape particuli\u00e8rement d\u00e9licate du processus de s\u00e9lection, qui d\u00e9termine la pr\u00e9sentation du produit sur le march\u00e9.\" \/>\n<meta property=\"og:url\" content=\"https:\/\/www.linoxmodena.it\/fr\/product\/carottes\/\" \/>\n<meta property=\"og:site_name\" content=\"linoxmodena.it\" \/>\n<meta property=\"article:modified_time\" content=\"2025-09-12T13:20:13+00:00\" \/>\n<meta property=\"og:image\" content=\"https:\/\/www.linoxmodena.it\/wp-content\/uploads\/2025\/06\/carote21-2.webp\" \/>\n\t<meta property=\"og:image:width\" content=\"1024\" \/>\n\t<meta property=\"og:image:height\" content=\"1024\" \/>\n\t<meta property=\"og:image:type\" content=\"image\/webp\" \/>\n<meta name=\"twitter:card\" content=\"summary_large_image\" \/>\n<meta name=\"twitter:label1\" content=\"Dur\u00e9e de lecture estim\u00e9e\" \/>\n\t<meta name=\"twitter:data1\" content=\"3 minutes\" \/>\n<script type=\"application\/ld+json\" class=\"yoast-schema-graph\">{\"@context\":\"https:\/\/schema.org\",\"@graph\":[{\"@type\":\"WebPage\",\"@id\":\"https:\/\/www.linoxmodena.it\/fr\/product\/carottes\/\",\"url\":\"https:\/\/www.linoxmodena.it\/fr\/product\/carottes\/\",\"name\":\"Carottes - linoxmodena.it\",\"isPartOf\":{\"@id\":\"https:\/\/www.linoxmodena.it\/fr\/#website\"},\"primaryImageOfPage\":{\"@id\":\"https:\/\/www.linoxmodena.it\/fr\/product\/carottes\/#primaryimage\"},\"image\":{\"@id\":\"https:\/\/www.linoxmodena.it\/fr\/product\/carottes\/#primaryimage\"},\"thumbnailUrl\":\"https:\/\/www.linoxmodena.it\/wp-content\/uploads\/2025\/06\/carote21-2.webp\",\"datePublished\":\"2025-06-30T14:52:59+00:00\",\"dateModified\":\"2025-09-12T13:20:13+00:00\",\"breadcrumb\":{\"@id\":\"https:\/\/www.linoxmodena.it\/fr\/product\/carottes\/#breadcrumb\"},\"inLanguage\":\"fr-FR\",\"potentialAction\":[{\"@type\":\"ReadAction\",\"target\":[\"https:\/\/www.linoxmodena.it\/fr\/product\/carottes\/\"]}]},{\"@type\":\"ImageObject\",\"inLanguage\":\"fr-FR\",\"@id\":\"https:\/\/www.linoxmodena.it\/fr\/product\/carottes\/#primaryimage\",\"url\":\"https:\/\/www.linoxmodena.it\/wp-content\/uploads\/2025\/06\/carote21-2.webp\",\"contentUrl\":\"https:\/\/www.linoxmodena.it\/wp-content\/uploads\/2025\/06\/carote21-2.webp\",\"width\":1024,\"height\":1024},{\"@type\":\"BreadcrumbList\",\"@id\":\"https:\/\/www.linoxmodena.it\/fr\/product\/carottes\/#breadcrumb\",\"itemListElement\":[{\"@type\":\"ListItem\",\"position\":1,\"name\":\"Home\",\"item\":\"https:\/\/www.linoxmodena.it\/fr\/home-page\/\"},{\"@type\":\"ListItem\",\"position\":2,\"name\":\"produits\",\"item\":\"https:\/\/www.linoxmodena.it\/fr\/archivio-prodotti\/\"},{\"@type\":\"ListItem\",\"position\":3,\"name\":\"Carottes\"}]},{\"@type\":\"WebSite\",\"@id\":\"https:\/\/www.linoxmodena.it\/fr\/#website\",\"url\":\"https:\/\/www.linoxmodena.it\/fr\/\",\"name\":\"linoxmodena.it\",\"description\":\"\",\"potentialAction\":[{\"@type\":\"SearchAction\",\"target\":{\"@type\":\"EntryPoint\",\"urlTemplate\":\"https:\/\/www.linoxmodena.it\/fr\/?s={search_term_string}\"},\"query-input\":{\"@type\":\"PropertyValueSpecification\",\"valueRequired\":true,\"valueName\":\"search_term_string\"}}],\"inLanguage\":\"fr-FR\"}]}<\/script>\n<!-- \/ Yoast SEO plugin. -->","yoast_head_json":{"title":"Carottes - linoxmodena.it","robots":{"index":"index","follow":"follow","max-snippet":"max-snippet:-1","max-image-preview":"max-image-preview:large","max-video-preview":"max-video-preview:-1"},"canonical":"https:\/\/www.linoxmodena.it\/fr\/product\/carottes\/","og_locale":"fr_FR","og_type":"article","og_title":"Carottes - linoxmodena.it","og_description":"Ce type de produit est transform\u00e9 selon les demandes des clients, qui doivent r\u00e9pondre aux besoins du march\u00e9 et de la grande distribution. Les diff\u00e9rentes \u00e9tapes comprennent le lavage, l\u2019arrachage, le nettoyage, le calibrage m\u00e9canique et le conditionnement, une \u00e9tape particuli\u00e8rement d\u00e9licate du processus de s\u00e9lection, qui d\u00e9termine la pr\u00e9sentation du produit sur le march\u00e9.","og_url":"https:\/\/www.linoxmodena.it\/fr\/product\/carottes\/","og_site_name":"linoxmodena.it","article_modified_time":"2025-09-12T13:20:13+00:00","og_image":[{"width":1024,"height":1024,"url":"https:\/\/www.linoxmodena.it\/wp-content\/uploads\/2025\/06\/carote21-2.webp","type":"image\/webp"}],"twitter_card":"summary_large_image","twitter_misc":{"Dur\u00e9e de lecture estim\u00e9e":"3 minutes"},"schema":{"@context":"https:\/\/schema.org","@graph":[{"@type":"WebPage","@id":"https:\/\/www.linoxmodena.it\/fr\/product\/carottes\/","url":"https:\/\/www.linoxmodena.it\/fr\/product\/carottes\/","name":"Carottes - linoxmodena.it","isPartOf":{"@id":"https:\/\/www.linoxmodena.it\/fr\/#website"},"primaryImageOfPage":{"@id":"https:\/\/www.linoxmodena.it\/fr\/product\/carottes\/#primaryimage"},"image":{"@id":"https:\/\/www.linoxmodena.it\/fr\/product\/carottes\/#primaryimage"},"thumbnailUrl":"https:\/\/www.linoxmodena.it\/wp-content\/uploads\/2025\/06\/carote21-2.webp","datePublished":"2025-06-30T14:52:59+00:00","dateModified":"2025-09-12T13:20:13+00:00","breadcrumb":{"@id":"https:\/\/www.linoxmodena.it\/fr\/product\/carottes\/#breadcrumb"},"inLanguage":"fr-FR","potentialAction":[{"@type":"ReadAction","target":["https:\/\/www.linoxmodena.it\/fr\/product\/carottes\/"]}]},{"@type":"ImageObject","inLanguage":"fr-FR","@id":"https:\/\/www.linoxmodena.it\/fr\/product\/carottes\/#primaryimage","url":"https:\/\/www.linoxmodena.it\/wp-content\/uploads\/2025\/06\/carote21-2.webp","contentUrl":"https:\/\/www.linoxmodena.it\/wp-content\/uploads\/2025\/06\/carote21-2.webp","width":1024,"height":1024},{"@type":"BreadcrumbList","@id":"https:\/\/www.linoxmodena.it\/fr\/product\/carottes\/#breadcrumb","itemListElement":[{"@type":"ListItem","position":1,"name":"Home","item":"https:\/\/www.linoxmodena.it\/fr\/home-page\/"},{"@type":"ListItem","position":2,"name":"produits","item":"https:\/\/www.linoxmodena.it\/fr\/archivio-prodotti\/"},{"@type":"ListItem","position":3,"name":"Carottes"}]},{"@type":"WebSite","@id":"https:\/\/www.linoxmodena.it\/fr\/#website","url":"https:\/\/www.linoxmodena.it\/fr\/","name":"linoxmodena.it","description":"","potentialAction":[{"@type":"SearchAction","target":{"@type":"EntryPoint","urlTemplate":"https:\/\/www.linoxmodena.it\/fr\/?s={search_term_string}"},"query-input":{"@type":"PropertyValueSpecification","valueRequired":true,"valueName":"search_term_string"}}],"inLanguage":"fr-FR"}]}},"_links":{"self":[{"href":"https:\/\/www.linoxmodena.it\/fr\/wp-json\/wp\/v2\/product\/1222","targetHints":{"allow":["GET"]}}],"collection":[{"href":"https:\/\/www.linoxmodena.it\/fr\/wp-json\/wp\/v2\/product"}],"about":[{"href":"https:\/\/www.linoxmodena.it\/fr\/wp-json\/wp\/v2\/types\/product"}],"version-history":[{"count":5,"href":"https:\/\/www.linoxmodena.it\/fr\/wp-json\/wp\/v2\/product\/1222\/revisions"}],"predecessor-version":[{"id":1924,"href":"https:\/\/www.linoxmodena.it\/fr\/wp-json\/wp\/v2\/product\/1222\/revisions\/1924"}],"wp:featuredmedia":[{"embeddable":true,"href":"https:\/\/www.linoxmodena.it\/fr\/wp-json\/wp\/v2\/media\/1601"}],"wp:attachment":[{"href":"https:\/\/www.linoxmodena.it\/fr\/wp-json\/wp\/v2\/media?parent=1222"}],"wp:term":[{"taxonomy":"product-category","embeddable":true,"href":"https:\/\/www.linoxmodena.it\/fr\/wp-json\/wp\/v2\/product-category?post=1222"}],"curies":[{"name":"wp","href":"https:\/\/api.w.org\/{rel}","templated":true}]}}