{"id":1214,"date":"2025-06-30T15:52:33","date_gmt":"2025-06-30T14:52:33","guid":{"rendered":"https:\/\/www.linoxmodena.it\/product\/courgettes-concombres\/"},"modified":"2025-09-12T14:19:37","modified_gmt":"2025-09-12T13:19:37","slug":"courgettes-concombres","status":"publish","type":"product","link":"https:\/\/www.linoxmodena.it\/fr\/product\/courgettes-concombres\/","title":{"rendered":"Courgettes, concombres"},"content":{"rendered":"\n<p>Ces types de produits sont trait\u00e9s selon les demandes des clients, afin de r\u00e9pondre aux besoins du march\u00e9 et de la grande distribution. Technologie de calibrage du diam\u00e8tre et de la longueur avec d\u00e9chargement en douceur.<\/p>\n\n<figure class=\"wp-block-gallery has-nested-images columns-default is-cropped wp-block-gallery-1 is-layout-flex wp-block-gallery-is-layout-flex\">\n<figure class=\"wp-block-image size-large\"><a href=\"https:\/\/linoxmodena.it\/wp-content\/uploads\/2025\/06\/HPIM1339.webp\"><img fetchpriority=\"high\" decoding=\"async\" width=\"1024\" height=\"771\" data-id=\"873\" src=\"https:\/\/linoxmodena.it\/wp-content\/uploads\/2025\/06\/HPIM1339-1024x771.webp\" alt=\"\" class=\"wp-image-873\" srcset=\"https:\/\/www.linoxmodena.it\/wp-content\/uploads\/2025\/06\/HPIM1339-1024x771.webp 1024w, https:\/\/www.linoxmodena.it\/wp-content\/uploads\/2025\/06\/HPIM1339-300x226.webp 300w, https:\/\/www.linoxmodena.it\/wp-content\/uploads\/2025\/06\/HPIM1339-768x578.webp 768w, https:\/\/www.linoxmodena.it\/wp-content\/uploads\/2025\/06\/HPIM1339.webp 1500w\" sizes=\"(max-width: 1024px) 100vw, 1024px\" \/><\/a><\/figure>\n\n\n\n<figure class=\"wp-block-image size-large\"><a href=\"https:\/\/linoxmodena.it\/wp-content\/uploads\/2025\/06\/HPIM1340.webp\"><img decoding=\"async\" width=\"1024\" height=\"771\" data-id=\"879\" src=\"https:\/\/linoxmodena.it\/wp-content\/uploads\/2025\/06\/HPIM1340-1024x771.webp\" alt=\"\" class=\"wp-image-879\" srcset=\"https:\/\/www.linoxmodena.it\/wp-content\/uploads\/2025\/06\/HPIM1340-1024x771.webp 1024w, https:\/\/www.linoxmodena.it\/wp-content\/uploads\/2025\/06\/HPIM1340-300x226.webp 300w, https:\/\/www.linoxmodena.it\/wp-content\/uploads\/2025\/06\/HPIM1340-768x578.webp 768w, https:\/\/www.linoxmodena.it\/wp-content\/uploads\/2025\/06\/HPIM1340.webp 1500w\" sizes=\"(max-width: 1024px) 100vw, 1024px\" \/><\/a><\/figure>\n\n\n\n<figure class=\"wp-block-image size-large\"><a href=\"https:\/\/linoxmodena.it\/wp-content\/uploads\/2025\/06\/vlcsnap.webp\"><img decoding=\"async\" width=\"1024\" height=\"576\" data-id=\"874\" src=\"https:\/\/linoxmodena.it\/wp-content\/uploads\/2025\/06\/vlcsnap-1024x576.webp\" alt=\"\" class=\"wp-image-874\" srcset=\"https:\/\/www.linoxmodena.it\/wp-content\/uploads\/2025\/06\/vlcsnap-1024x576.webp 1024w, https:\/\/www.linoxmodena.it\/wp-content\/uploads\/2025\/06\/vlcsnap-300x169.webp 300w, https:\/\/www.linoxmodena.it\/wp-content\/uploads\/2025\/06\/vlcsnap-768x432.webp 768w, https:\/\/www.linoxmodena.it\/wp-content\/uploads\/2025\/06\/vlcsnap.webp 1500w\" sizes=\"(max-width: 1024px) 100vw, 1024px\" \/><\/a><\/figure>\n\n\n\n<figure class=\"wp-block-image size-large\"><a href=\"https:\/\/linoxmodena.it\/wp-content\/uploads\/2025\/06\/vlcsnap2.webp\"><img loading=\"lazy\" decoding=\"async\" width=\"1024\" height=\"576\" data-id=\"875\" src=\"https:\/\/linoxmodena.it\/wp-content\/uploads\/2025\/06\/vlcsnap2-1024x576.webp\" alt=\"\" class=\"wp-image-875\" srcset=\"https:\/\/www.linoxmodena.it\/wp-content\/uploads\/2025\/06\/vlcsnap2-1024x576.webp 1024w, https:\/\/www.linoxmodena.it\/wp-content\/uploads\/2025\/06\/vlcsnap2-300x169.webp 300w, https:\/\/www.linoxmodena.it\/wp-content\/uploads\/2025\/06\/vlcsnap2-768x432.webp 768w, https:\/\/www.linoxmodena.it\/wp-content\/uploads\/2025\/06\/vlcsnap2.webp 1500w\" sizes=\"(max-width: 1024px) 100vw, 1024px\" \/><\/a><\/figure>\n\n\n\n<figure class=\"wp-block-image size-large\"><a href=\"https:\/\/linoxmodena.it\/wp-content\/uploads\/2025\/06\/vlcsnap3.webp\"><img loading=\"lazy\" decoding=\"async\" width=\"640\" height=\"480\" data-id=\"877\" src=\"https:\/\/linoxmodena.it\/wp-content\/uploads\/2025\/06\/vlcsnap3.webp\" alt=\"\" class=\"wp-image-877\" srcset=\"https:\/\/www.linoxmodena.it\/wp-content\/uploads\/2025\/06\/vlcsnap3.webp 640w, https:\/\/www.linoxmodena.it\/wp-content\/uploads\/2025\/06\/vlcsnap3-300x225.webp 300w\" sizes=\"(max-width: 640px) 100vw, 640px\" \/><\/a><\/figure>\n\n\n\n<figure class=\"wp-block-image size-large\"><a href=\"https:\/\/linoxmodena.it\/wp-content\/uploads\/2025\/06\/vlcsnap4.webp\"><img loading=\"lazy\" decoding=\"async\" width=\"1024\" height=\"576\" data-id=\"878\" src=\"https:\/\/linoxmodena.it\/wp-content\/uploads\/2025\/06\/vlcsnap4-1024x576.webp\" alt=\"\" class=\"wp-image-878\" srcset=\"https:\/\/www.linoxmodena.it\/wp-content\/uploads\/2025\/06\/vlcsnap4-1024x576.webp 1024w, https:\/\/www.linoxmodena.it\/wp-content\/uploads\/2025\/06\/vlcsnap4-300x169.webp 300w, https:\/\/www.linoxmodena.it\/wp-content\/uploads\/2025\/06\/vlcsnap4-768x432.webp 768w, https:\/\/www.linoxmodena.it\/wp-content\/uploads\/2025\/06\/vlcsnap4.webp 1500w\" sizes=\"(max-width: 1024px) 100vw, 1024px\" \/><\/a><\/figure>\n<\/figure>\n","protected":false},"excerpt":{"rendered":"<p>Ces types de produits sont trait\u00e9s selon les demandes des clients, afin de r\u00e9pondre aux besoins du march\u00e9 et de la grande distribution. Technologie de calibrage du diam\u00e8tre et de la longueur avec d\u00e9chargement en douceur.<\/p>\n","protected":false},"featured_media":975,"template":"","meta":{"_acf_changed":false,"footnotes":""},"product-category":[30],"class_list":["post-1214","product","type-product","status-publish","has-post-thumbnail","hentry","product-category-transformation-des-legumes"],"acf":[],"yoast_head":"<!-- This site is optimized with the Yoast SEO plugin v25.9 - https:\/\/yoast.com\/wordpress\/plugins\/seo\/ -->\n<title>Courgettes, concombres - linoxmodena.it<\/title>\n<meta name=\"robots\" content=\"index, follow, max-snippet:-1, max-image-preview:large, max-video-preview:-1\" \/>\n<link rel=\"canonical\" href=\"https:\/\/www.linoxmodena.it\/fr\/product\/courgettes-concombres\/\" \/>\n<meta property=\"og:locale\" content=\"fr_FR\" \/>\n<meta property=\"og:type\" content=\"article\" \/>\n<meta property=\"og:title\" content=\"Courgettes, concombres - linoxmodena.it\" \/>\n<meta property=\"og:description\" content=\"Ces types de produits sont trait\u00e9s selon les demandes des clients, afin de r\u00e9pondre aux besoins du march\u00e9 et de la grande distribution. Technologie de calibrage du diam\u00e8tre et de la longueur avec d\u00e9chargement en douceur.\" \/>\n<meta property=\"og:url\" content=\"https:\/\/www.linoxmodena.it\/fr\/product\/courgettes-concombres\/\" \/>\n<meta property=\"og:site_name\" content=\"linoxmodena.it\" \/>\n<meta property=\"article:modified_time\" content=\"2025-09-12T13:19:37+00:00\" \/>\n<meta property=\"og:image\" content=\"https:\/\/www.linoxmodena.it\/wp-content\/uploads\/2025\/06\/Zucchine-Cetrioli.webp\" \/>\n\t<meta property=\"og:image:width\" content=\"1024\" \/>\n\t<meta property=\"og:image:height\" content=\"1024\" \/>\n\t<meta property=\"og:image:type\" content=\"image\/webp\" \/>\n<meta name=\"twitter:card\" content=\"summary_large_image\" \/>\n<script type=\"application\/ld+json\" class=\"yoast-schema-graph\">{\"@context\":\"https:\/\/schema.org\",\"@graph\":[{\"@type\":\"WebPage\",\"@id\":\"https:\/\/www.linoxmodena.it\/fr\/product\/courgettes-concombres\/\",\"url\":\"https:\/\/www.linoxmodena.it\/fr\/product\/courgettes-concombres\/\",\"name\":\"Courgettes, concombres - linoxmodena.it\",\"isPartOf\":{\"@id\":\"https:\/\/www.linoxmodena.it\/fr\/#website\"},\"primaryImageOfPage\":{\"@id\":\"https:\/\/www.linoxmodena.it\/fr\/product\/courgettes-concombres\/#primaryimage\"},\"image\":{\"@id\":\"https:\/\/www.linoxmodena.it\/fr\/product\/courgettes-concombres\/#primaryimage\"},\"thumbnailUrl\":\"https:\/\/www.linoxmodena.it\/wp-content\/uploads\/2025\/06\/Zucchine-Cetrioli.webp\",\"datePublished\":\"2025-06-30T14:52:33+00:00\",\"dateModified\":\"2025-09-12T13:19:37+00:00\",\"breadcrumb\":{\"@id\":\"https:\/\/www.linoxmodena.it\/fr\/product\/courgettes-concombres\/#breadcrumb\"},\"inLanguage\":\"fr-FR\",\"potentialAction\":[{\"@type\":\"ReadAction\",\"target\":[\"https:\/\/www.linoxmodena.it\/fr\/product\/courgettes-concombres\/\"]}]},{\"@type\":\"ImageObject\",\"inLanguage\":\"fr-FR\",\"@id\":\"https:\/\/www.linoxmodena.it\/fr\/product\/courgettes-concombres\/#primaryimage\",\"url\":\"https:\/\/www.linoxmodena.it\/wp-content\/uploads\/2025\/06\/Zucchine-Cetrioli.webp\",\"contentUrl\":\"https:\/\/www.linoxmodena.it\/wp-content\/uploads\/2025\/06\/Zucchine-Cetrioli.webp\",\"width\":1024,\"height\":1024},{\"@type\":\"BreadcrumbList\",\"@id\":\"https:\/\/www.linoxmodena.it\/fr\/product\/courgettes-concombres\/#breadcrumb\",\"itemListElement\":[{\"@type\":\"ListItem\",\"position\":1,\"name\":\"Home\",\"item\":\"https:\/\/www.linoxmodena.it\/fr\/home-page\/\"},{\"@type\":\"ListItem\",\"position\":2,\"name\":\"produits\",\"item\":\"https:\/\/www.linoxmodena.it\/fr\/archivio-prodotti\/\"},{\"@type\":\"ListItem\",\"position\":3,\"name\":\"Courgettes, concombres\"}]},{\"@type\":\"WebSite\",\"@id\":\"https:\/\/www.linoxmodena.it\/fr\/#website\",\"url\":\"https:\/\/www.linoxmodena.it\/fr\/\",\"name\":\"linoxmodena.it\",\"description\":\"\",\"potentialAction\":[{\"@type\":\"SearchAction\",\"target\":{\"@type\":\"EntryPoint\",\"urlTemplate\":\"https:\/\/www.linoxmodena.it\/fr\/?s={search_term_string}\"},\"query-input\":{\"@type\":\"PropertyValueSpecification\",\"valueRequired\":true,\"valueName\":\"search_term_string\"}}],\"inLanguage\":\"fr-FR\"}]}<\/script>\n<!-- \/ Yoast SEO plugin. -->","yoast_head_json":{"title":"Courgettes, concombres - linoxmodena.it","robots":{"index":"index","follow":"follow","max-snippet":"max-snippet:-1","max-image-preview":"max-image-preview:large","max-video-preview":"max-video-preview:-1"},"canonical":"https:\/\/www.linoxmodena.it\/fr\/product\/courgettes-concombres\/","og_locale":"fr_FR","og_type":"article","og_title":"Courgettes, concombres - linoxmodena.it","og_description":"Ces types de produits sont trait\u00e9s selon les demandes des clients, afin de r\u00e9pondre aux besoins du march\u00e9 et de la grande distribution. Technologie de calibrage du diam\u00e8tre et de la longueur avec d\u00e9chargement en douceur.","og_url":"https:\/\/www.linoxmodena.it\/fr\/product\/courgettes-concombres\/","og_site_name":"linoxmodena.it","article_modified_time":"2025-09-12T13:19:37+00:00","og_image":[{"width":1024,"height":1024,"url":"https:\/\/www.linoxmodena.it\/wp-content\/uploads\/2025\/06\/Zucchine-Cetrioli.webp","type":"image\/webp"}],"twitter_card":"summary_large_image","schema":{"@context":"https:\/\/schema.org","@graph":[{"@type":"WebPage","@id":"https:\/\/www.linoxmodena.it\/fr\/product\/courgettes-concombres\/","url":"https:\/\/www.linoxmodena.it\/fr\/product\/courgettes-concombres\/","name":"Courgettes, concombres - linoxmodena.it","isPartOf":{"@id":"https:\/\/www.linoxmodena.it\/fr\/#website"},"primaryImageOfPage":{"@id":"https:\/\/www.linoxmodena.it\/fr\/product\/courgettes-concombres\/#primaryimage"},"image":{"@id":"https:\/\/www.linoxmodena.it\/fr\/product\/courgettes-concombres\/#primaryimage"},"thumbnailUrl":"https:\/\/www.linoxmodena.it\/wp-content\/uploads\/2025\/06\/Zucchine-Cetrioli.webp","datePublished":"2025-06-30T14:52:33+00:00","dateModified":"2025-09-12T13:19:37+00:00","breadcrumb":{"@id":"https:\/\/www.linoxmodena.it\/fr\/product\/courgettes-concombres\/#breadcrumb"},"inLanguage":"fr-FR","potentialAction":[{"@type":"ReadAction","target":["https:\/\/www.linoxmodena.it\/fr\/product\/courgettes-concombres\/"]}]},{"@type":"ImageObject","inLanguage":"fr-FR","@id":"https:\/\/www.linoxmodena.it\/fr\/product\/courgettes-concombres\/#primaryimage","url":"https:\/\/www.linoxmodena.it\/wp-content\/uploads\/2025\/06\/Zucchine-Cetrioli.webp","contentUrl":"https:\/\/www.linoxmodena.it\/wp-content\/uploads\/2025\/06\/Zucchine-Cetrioli.webp","width":1024,"height":1024},{"@type":"BreadcrumbList","@id":"https:\/\/www.linoxmodena.it\/fr\/product\/courgettes-concombres\/#breadcrumb","itemListElement":[{"@type":"ListItem","position":1,"name":"Home","item":"https:\/\/www.linoxmodena.it\/fr\/home-page\/"},{"@type":"ListItem","position":2,"name":"produits","item":"https:\/\/www.linoxmodena.it\/fr\/archivio-prodotti\/"},{"@type":"ListItem","position":3,"name":"Courgettes, concombres"}]},{"@type":"WebSite","@id":"https:\/\/www.linoxmodena.it\/fr\/#website","url":"https:\/\/www.linoxmodena.it\/fr\/","name":"linoxmodena.it","description":"","potentialAction":[{"@type":"SearchAction","target":{"@type":"EntryPoint","urlTemplate":"https:\/\/www.linoxmodena.it\/fr\/?s={search_term_string}"},"query-input":{"@type":"PropertyValueSpecification","valueRequired":true,"valueName":"search_term_string"}}],"inLanguage":"fr-FR"}]}},"_links":{"self":[{"href":"https:\/\/www.linoxmodena.it\/fr\/wp-json\/wp\/v2\/product\/1214","targetHints":{"allow":["GET"]}}],"collection":[{"href":"https:\/\/www.linoxmodena.it\/fr\/wp-json\/wp\/v2\/product"}],"about":[{"href":"https:\/\/www.linoxmodena.it\/fr\/wp-json\/wp\/v2\/types\/product"}],"version-history":[{"count":4,"href":"https:\/\/www.linoxmodena.it\/fr\/wp-json\/wp\/v2\/product\/1214\/revisions"}],"predecessor-version":[{"id":1848,"href":"https:\/\/www.linoxmodena.it\/fr\/wp-json\/wp\/v2\/product\/1214\/revisions\/1848"}],"wp:featuredmedia":[{"embeddable":true,"href":"https:\/\/www.linoxmodena.it\/fr\/wp-json\/wp\/v2\/media\/975"}],"wp:attachment":[{"href":"https:\/\/www.linoxmodena.it\/fr\/wp-json\/wp\/v2\/media?parent=1214"}],"wp:term":[{"taxonomy":"product-category","embeddable":true,"href":"https:\/\/www.linoxmodena.it\/fr\/wp-json\/wp\/v2\/product-category?post=1214"}],"curies":[{"name":"wp","href":"https:\/\/api.w.org\/{rel}","templated":true}]}}