{"id":1198,"date":"2025-06-30T15:52:08","date_gmt":"2025-06-30T14:52:08","guid":{"rendered":"https:\/\/www.linoxmodena.it\/product\/oignons-pommes-de-terre-poivrons-aubergines-salade-choux-tomates-fenouils\/"},"modified":"2025-09-12T14:18:45","modified_gmt":"2025-09-12T13:18:45","slug":"oignons-pommes-de-terre-poivrons-aubergines-salade-choux-tomates-fenouils","status":"publish","type":"product","link":"https:\/\/www.linoxmodena.it\/fr\/product\/oignons-pommes-de-terre-poivrons-aubergines-salade-choux-tomates-fenouils\/","title":{"rendered":"Oignon, pommes de terre, poivrons, aubergines, laitue, chou, tomates, fenouil"},"content":{"rendered":"\n<p>Les produits sont trait\u00e9s selon les demandes des clients, afin de r\u00e9pondre aux besoins du march\u00e9 et de la grande distribution. Les diff\u00e9rentes \u00e9tapes comprennent : le lavage, l\u2019arrachage, l&rsquo;effeuillage, l&rsquo;\u00e9t\u00eatage, le nettoyage, le calibrage m\u00e9canique et \u00e9lectronique, et enfin le conditionnement final.  <\/p>\n\n<figure class=\"wp-block-gallery has-nested-images columns-default is-cropped wp-block-gallery-1 is-layout-flex wp-block-gallery-is-layout-flex\">\n<figure class=\"wp-block-image size-large\"><a href=\"https:\/\/linoxmodena.it\/wp-content\/uploads\/2025\/06\/SL0A22-1.webp\"><img fetchpriority=\"high\" decoding=\"async\" width=\"1024\" height=\"576\" data-id=\"846\" src=\"https:\/\/linoxmodena.it\/wp-content\/uploads\/2025\/06\/SL0A22-1-1024x576.webp\" alt=\"\" class=\"wp-image-846\" srcset=\"https:\/\/www.linoxmodena.it\/wp-content\/uploads\/2025\/06\/SL0A22-1-1024x576.webp 1024w, https:\/\/www.linoxmodena.it\/wp-content\/uploads\/2025\/06\/SL0A22-1-300x169.webp 300w, https:\/\/www.linoxmodena.it\/wp-content\/uploads\/2025\/06\/SL0A22-1-768x432.webp 768w, https:\/\/www.linoxmodena.it\/wp-content\/uploads\/2025\/06\/SL0A22-1.webp 1280w\" sizes=\"(max-width: 1024px) 100vw, 1024px\" \/><\/a><\/figure>\n\n\n\n<figure class=\"wp-block-image size-large\"><a href=\"https:\/\/linoxmodena.it\/wp-content\/uploads\/2025\/06\/SLE71E-1-.webp\"><img decoding=\"async\" width=\"720\" height=\"400\" data-id=\"851\" src=\"https:\/\/linoxmodena.it\/wp-content\/uploads\/2025\/06\/SLE71E-1-.webp\" alt=\"\" class=\"wp-image-851\" srcset=\"https:\/\/www.linoxmodena.it\/wp-content\/uploads\/2025\/06\/SLE71E-1-.webp 720w, https:\/\/www.linoxmodena.it\/wp-content\/uploads\/2025\/06\/SLE71E-1--300x167.webp 300w\" sizes=\"(max-width: 720px) 100vw, 720px\" \/><\/a><\/figure>\n\n\n\n<figure class=\"wp-block-image size-large\"><a href=\"https:\/\/linoxmodena.it\/wp-content\/uploads\/2025\/06\/SL0F7A-1.webp\"><img decoding=\"async\" width=\"640\" height=\"352\" data-id=\"848\" src=\"https:\/\/linoxmodena.it\/wp-content\/uploads\/2025\/06\/SL0F7A-1.webp\" alt=\"\" class=\"wp-image-848\" srcset=\"https:\/\/www.linoxmodena.it\/wp-content\/uploads\/2025\/06\/SL0F7A-1.webp 640w, https:\/\/www.linoxmodena.it\/wp-content\/uploads\/2025\/06\/SL0F7A-1-300x165.webp 300w\" sizes=\"(max-width: 640px) 100vw, 640px\" \/><\/a><\/figure>\n\n\n\n<figure class=\"wp-block-image size-large\"><a href=\"https:\/\/linoxmodena.it\/wp-content\/uploads\/2025\/06\/SL7C96-1.webp\"><img loading=\"lazy\" decoding=\"async\" width=\"720\" height=\"616\" data-id=\"847\" src=\"https:\/\/linoxmodena.it\/wp-content\/uploads\/2025\/06\/SL7C96-1.webp\" alt=\"\" class=\"wp-image-847\" srcset=\"https:\/\/www.linoxmodena.it\/wp-content\/uploads\/2025\/06\/SL7C96-1.webp 720w, https:\/\/www.linoxmodena.it\/wp-content\/uploads\/2025\/06\/SL7C96-1-300x257.webp 300w\" sizes=\"(max-width: 720px) 100vw, 720px\" \/><\/a><\/figure>\n\n\n\n<figure class=\"wp-block-image size-large\"><a href=\"https:\/\/linoxmodena.it\/wp-content\/uploads\/2025\/06\/SL9E01-1.webp\"><img loading=\"lazy\" decoding=\"async\" width=\"720\" height=\"650\" data-id=\"858\" src=\"https:\/\/linoxmodena.it\/wp-content\/uploads\/2025\/06\/SL9E01-1.webp\" alt=\"\" class=\"wp-image-858\" srcset=\"https:\/\/www.linoxmodena.it\/wp-content\/uploads\/2025\/06\/SL9E01-1.webp 720w, https:\/\/www.linoxmodena.it\/wp-content\/uploads\/2025\/06\/SL9E01-1-300x271.webp 300w\" sizes=\"(max-width: 720px) 100vw, 720px\" \/><\/a><\/figure>\n\n\n\n<figure class=\"wp-block-image size-large\"><a href=\"https:\/\/linoxmodena.it\/wp-content\/uploads\/2025\/06\/SL950E-1.webp\"><img loading=\"lazy\" decoding=\"async\" width=\"848\" height=\"480\" data-id=\"863\" src=\"https:\/\/linoxmodena.it\/wp-content\/uploads\/2025\/06\/SL950E-1.webp\" alt=\"\" class=\"wp-image-863\" srcset=\"https:\/\/www.linoxmodena.it\/wp-content\/uploads\/2025\/06\/SL950E-1.webp 848w, https:\/\/www.linoxmodena.it\/wp-content\/uploads\/2025\/06\/SL950E-1-300x170.webp 300w, https:\/\/www.linoxmodena.it\/wp-content\/uploads\/2025\/06\/SL950E-1-768x435.webp 768w\" sizes=\"(max-width: 848px) 100vw, 848px\" \/><\/a><\/figure>\n\n\n\n<figure class=\"wp-block-image size-large\"><a href=\"https:\/\/linoxmodena.it\/wp-content\/uploads\/2025\/06\/SLIDEC97-1.webp\"><img loading=\"lazy\" decoding=\"async\" width=\"535\" height=\"618\" data-id=\"864\" src=\"https:\/\/linoxmodena.it\/wp-content\/uploads\/2025\/06\/SLIDEC97-1.webp\" alt=\"\" class=\"wp-image-864\" srcset=\"https:\/\/www.linoxmodena.it\/wp-content\/uploads\/2025\/06\/SLIDEC97-1.webp 535w, https:\/\/www.linoxmodena.it\/wp-content\/uploads\/2025\/06\/SLIDEC97-1-260x300.webp 260w\" sizes=\"(max-width: 535px) 100vw, 535px\" \/><\/a><\/figure>\n\n\n\n<figure class=\"wp-block-image size-large\"><a href=\"https:\/\/linoxmodena.it\/wp-content\/uploads\/2025\/06\/SLIDEC-3.webp\"><img loading=\"lazy\" decoding=\"async\" width=\"1024\" height=\"578\" data-id=\"857\" src=\"https:\/\/linoxmodena.it\/wp-content\/uploads\/2025\/06\/SLIDEC-3-1024x578.webp\" alt=\"\" class=\"wp-image-857\" srcset=\"https:\/\/www.linoxmodena.it\/wp-content\/uploads\/2025\/06\/SLIDEC-3-1024x578.webp 1024w, https:\/\/www.linoxmodena.it\/wp-content\/uploads\/2025\/06\/SLIDEC-3-300x169.webp 300w, https:\/\/www.linoxmodena.it\/wp-content\/uploads\/2025\/06\/SLIDEC-3-768x433.webp 768w, https:\/\/www.linoxmodena.it\/wp-content\/uploads\/2025\/06\/SLIDEC-3.webp 1500w\" sizes=\"(max-width: 1024px) 100vw, 1024px\" \/><\/a><\/figure>\n\n\n\n<figure class=\"wp-block-image size-large\"><a href=\"https:\/\/linoxmodena.it\/wp-content\/uploads\/2025\/06\/SL4879-1.webp\"><img loading=\"lazy\" decoding=\"async\" width=\"768\" height=\"576\" data-id=\"862\" src=\"https:\/\/linoxmodena.it\/wp-content\/uploads\/2025\/06\/SL4879-1.webp\" alt=\"\" class=\"wp-image-862\" srcset=\"https:\/\/www.linoxmodena.it\/wp-content\/uploads\/2025\/06\/SL4879-1.webp 768w, https:\/\/www.linoxmodena.it\/wp-content\/uploads\/2025\/06\/SL4879-1-300x225.webp 300w\" sizes=\"(max-width: 768px) 100vw, 768px\" \/><\/a><\/figure>\n\n\n\n<figure class=\"wp-block-image size-large\"><a href=\"https:\/\/linoxmodena.it\/wp-content\/uploads\/2025\/06\/SL2F02-1.webp\"><img loading=\"lazy\" decoding=\"async\" width=\"768\" height=\"576\" data-id=\"845\" src=\"https:\/\/linoxmodena.it\/wp-content\/uploads\/2025\/06\/SL2F02-1.webp\" alt=\"\" class=\"wp-image-845\" srcset=\"https:\/\/www.linoxmodena.it\/wp-content\/uploads\/2025\/06\/SL2F02-1.webp 768w, https:\/\/www.linoxmodena.it\/wp-content\/uploads\/2025\/06\/SL2F02-1-300x225.webp 300w\" sizes=\"(max-width: 768px) 100vw, 768px\" \/><\/a><\/figure>\n\n\n\n<figure class=\"wp-block-image size-large\"><a href=\"https:\/\/linoxmodena.it\/wp-content\/uploads\/2025\/06\/SLIDEC-4.webp\"><img loading=\"lazy\" decoding=\"async\" width=\"768\" height=\"576\" data-id=\"859\" src=\"https:\/\/linoxmodena.it\/wp-content\/uploads\/2025\/06\/SLIDEC-4.webp\" alt=\"\" class=\"wp-image-859\" srcset=\"https:\/\/www.linoxmodena.it\/wp-content\/uploads\/2025\/06\/SLIDEC-4.webp 768w, https:\/\/www.linoxmodena.it\/wp-content\/uploads\/2025\/06\/SLIDEC-4-300x225.webp 300w\" sizes=\"(max-width: 768px) 100vw, 768px\" \/><\/a><\/figure>\n\n\n\n<figure class=\"wp-block-image size-large\"><a href=\"https:\/\/linoxmodena.it\/wp-content\/uploads\/2025\/06\/SLIDEC-2.webp\"><img loading=\"lazy\" decoding=\"async\" width=\"1024\" height=\"576\" data-id=\"855\" src=\"https:\/\/linoxmodena.it\/wp-content\/uploads\/2025\/06\/SLIDEC-2-1024x576.webp\" alt=\"\" class=\"wp-image-855\" srcset=\"https:\/\/www.linoxmodena.it\/wp-content\/uploads\/2025\/06\/SLIDEC-2-1024x576.webp 1024w, https:\/\/www.linoxmodena.it\/wp-content\/uploads\/2025\/06\/SLIDEC-2-300x169.webp 300w, https:\/\/www.linoxmodena.it\/wp-content\/uploads\/2025\/06\/SLIDEC-2-768x432.webp 768w, https:\/\/www.linoxmodena.it\/wp-content\/uploads\/2025\/06\/SLIDEC-2.webp 1500w\" sizes=\"(max-width: 1024px) 100vw, 1024px\" \/><\/a><\/figure>\n\n\n\n<figure class=\"wp-block-image size-large\"><a href=\"https:\/\/linoxmodena.it\/wp-content\/uploads\/2025\/06\/SLIDEC-1.webp\"><img loading=\"lazy\" decoding=\"async\" width=\"1024\" height=\"576\" data-id=\"850\" src=\"https:\/\/linoxmodena.it\/wp-content\/uploads\/2025\/06\/SLIDEC-1-1024x576.webp\" alt=\"\" class=\"wp-image-850\" srcset=\"https:\/\/www.linoxmodena.it\/wp-content\/uploads\/2025\/06\/SLIDEC-1-1024x576.webp 1024w, https:\/\/www.linoxmodena.it\/wp-content\/uploads\/2025\/06\/SLIDEC-1-300x169.webp 300w, https:\/\/www.linoxmodena.it\/wp-content\/uploads\/2025\/06\/SLIDEC-1-768x432.webp 768w, https:\/\/www.linoxmodena.it\/wp-content\/uploads\/2025\/06\/SLIDEC-1.webp 1500w\" sizes=\"(max-width: 1024px) 100vw, 1024px\" \/><\/a><\/figure>\n\n\n\n<figure class=\"wp-block-image size-large\"><a href=\"https:\/\/linoxmodena.it\/wp-content\/uploads\/2025\/06\/SLIDEC-3a.webp\"><img loading=\"lazy\" decoding=\"async\" width=\"1024\" height=\"576\" data-id=\"861\" src=\"https:\/\/linoxmodena.it\/wp-content\/uploads\/2025\/06\/SLIDEC-3a-1024x576.webp\" alt=\"\" class=\"wp-image-861\" srcset=\"https:\/\/www.linoxmodena.it\/wp-content\/uploads\/2025\/06\/SLIDEC-3a-1024x576.webp 1024w, https:\/\/www.linoxmodena.it\/wp-content\/uploads\/2025\/06\/SLIDEC-3a-300x169.webp 300w, https:\/\/www.linoxmodena.it\/wp-content\/uploads\/2025\/06\/SLIDEC-3a-768x432.webp 768w, https:\/\/www.linoxmodena.it\/wp-content\/uploads\/2025\/06\/SLIDEC-3a.webp 1500w\" sizes=\"(max-width: 1024px) 100vw, 1024px\" \/><\/a><\/figure>\n\n\n\n<figure class=\"wp-block-image size-large\"><a href=\"https:\/\/linoxmodena.it\/wp-content\/uploads\/2025\/06\/SLIDEC-5.webp\"><img loading=\"lazy\" decoding=\"async\" width=\"768\" height=\"576\" data-id=\"853\" src=\"https:\/\/linoxmodena.it\/wp-content\/uploads\/2025\/06\/SLIDEC-5.webp\" alt=\"\" class=\"wp-image-853\" srcset=\"https:\/\/www.linoxmodena.it\/wp-content\/uploads\/2025\/06\/SLIDEC-5.webp 768w, https:\/\/www.linoxmodena.it\/wp-content\/uploads\/2025\/06\/SLIDEC-5-300x225.webp 300w\" sizes=\"(max-width: 768px) 100vw, 768px\" \/><\/a><\/figure>\n<\/figure>\n","protected":false},"excerpt":{"rendered":"<p>Les produits sont trait\u00e9s selon les demandes des clients, afin de r\u00e9pondre aux besoins du march\u00e9 et de la grande distribution. Les diff\u00e9rentes \u00e9tapes comprennent : le lavage, l\u2019arrachage, l&rsquo;effeuillage, l&rsquo;\u00e9t\u00eatage, le nettoyage, le calibrage m\u00e9canique et \u00e9lectronique, et enfin le conditionnement final.<\/p>\n","protected":false},"featured_media":1599,"template":"","meta":{"_acf_changed":false,"footnotes":""},"product-category":[30],"class_list":["post-1198","product","type-product","status-publish","has-post-thumbnail","hentry","product-category-transformation-des-legumes"],"acf":[],"yoast_head":"<!-- This site is optimized with the Yoast SEO plugin v25.9 - https:\/\/yoast.com\/wordpress\/plugins\/seo\/ -->\n<title>Oignon, pommes de terre, poivrons, aubergines, laitue, chou, tomates, fenouil - linoxmodena.it<\/title>\n<meta name=\"robots\" content=\"index, follow, max-snippet:-1, max-image-preview:large, max-video-preview:-1\" \/>\n<link rel=\"canonical\" href=\"https:\/\/www.linoxmodena.it\/fr\/product\/oignons-pommes-de-terre-poivrons-aubergines-salade-choux-tomates-fenouils\/\" \/>\n<meta property=\"og:locale\" content=\"fr_FR\" \/>\n<meta property=\"og:type\" content=\"article\" \/>\n<meta property=\"og:title\" content=\"Oignon, pommes de terre, poivrons, aubergines, laitue, chou, tomates, fenouil - linoxmodena.it\" \/>\n<meta property=\"og:description\" content=\"Les produits sont trait\u00e9s selon les demandes des clients, afin de r\u00e9pondre aux besoins du march\u00e9 et de la grande distribution. Les diff\u00e9rentes \u00e9tapes comprennent : le lavage, l\u2019arrachage, l&rsquo;effeuillage, l&rsquo;\u00e9t\u00eatage, le nettoyage, le calibrage m\u00e9canique et \u00e9lectronique, et enfin le conditionnement final.\" \/>\n<meta property=\"og:url\" content=\"https:\/\/www.linoxmodena.it\/fr\/product\/oignons-pommes-de-terre-poivrons-aubergines-salade-choux-tomates-fenouils\/\" \/>\n<meta property=\"og:site_name\" content=\"linoxmodena.it\" \/>\n<meta property=\"article:modified_time\" content=\"2025-09-12T13:18:45+00:00\" \/>\n<meta property=\"og:image\" content=\"https:\/\/www.linoxmodena.it\/wp-content\/uploads\/2025\/06\/Cipolla-Patate-ecc1-1.webp\" \/>\n\t<meta property=\"og:image:width\" content=\"1536\" \/>\n\t<meta property=\"og:image:height\" content=\"1536\" \/>\n\t<meta property=\"og:image:type\" content=\"image\/webp\" \/>\n<meta name=\"twitter:card\" content=\"summary_large_image\" \/>\n<meta name=\"twitter:label1\" content=\"Dur\u00e9e de lecture estim\u00e9e\" \/>\n\t<meta name=\"twitter:data1\" content=\"4 minutes\" \/>\n<script type=\"application\/ld+json\" class=\"yoast-schema-graph\">{\"@context\":\"https:\/\/schema.org\",\"@graph\":[{\"@type\":\"WebPage\",\"@id\":\"https:\/\/www.linoxmodena.it\/fr\/product\/oignons-pommes-de-terre-poivrons-aubergines-salade-choux-tomates-fenouils\/\",\"url\":\"https:\/\/www.linoxmodena.it\/fr\/product\/oignons-pommes-de-terre-poivrons-aubergines-salade-choux-tomates-fenouils\/\",\"name\":\"Oignon, pommes de terre, poivrons, aubergines, laitue, chou, tomates, fenouil - linoxmodena.it\",\"isPartOf\":{\"@id\":\"https:\/\/www.linoxmodena.it\/fr\/#website\"},\"primaryImageOfPage\":{\"@id\":\"https:\/\/www.linoxmodena.it\/fr\/product\/oignons-pommes-de-terre-poivrons-aubergines-salade-choux-tomates-fenouils\/#primaryimage\"},\"image\":{\"@id\":\"https:\/\/www.linoxmodena.it\/fr\/product\/oignons-pommes-de-terre-poivrons-aubergines-salade-choux-tomates-fenouils\/#primaryimage\"},\"thumbnailUrl\":\"https:\/\/www.linoxmodena.it\/wp-content\/uploads\/2025\/06\/Cipolla-Patate-ecc1-1.webp\",\"datePublished\":\"2025-06-30T14:52:08+00:00\",\"dateModified\":\"2025-09-12T13:18:45+00:00\",\"breadcrumb\":{\"@id\":\"https:\/\/www.linoxmodena.it\/fr\/product\/oignons-pommes-de-terre-poivrons-aubergines-salade-choux-tomates-fenouils\/#breadcrumb\"},\"inLanguage\":\"fr-FR\",\"potentialAction\":[{\"@type\":\"ReadAction\",\"target\":[\"https:\/\/www.linoxmodena.it\/fr\/product\/oignons-pommes-de-terre-poivrons-aubergines-salade-choux-tomates-fenouils\/\"]}]},{\"@type\":\"ImageObject\",\"inLanguage\":\"fr-FR\",\"@id\":\"https:\/\/www.linoxmodena.it\/fr\/product\/oignons-pommes-de-terre-poivrons-aubergines-salade-choux-tomates-fenouils\/#primaryimage\",\"url\":\"https:\/\/www.linoxmodena.it\/wp-content\/uploads\/2025\/06\/Cipolla-Patate-ecc1-1.webp\",\"contentUrl\":\"https:\/\/www.linoxmodena.it\/wp-content\/uploads\/2025\/06\/Cipolla-Patate-ecc1-1.webp\",\"width\":1536,\"height\":1536},{\"@type\":\"BreadcrumbList\",\"@id\":\"https:\/\/www.linoxmodena.it\/fr\/product\/oignons-pommes-de-terre-poivrons-aubergines-salade-choux-tomates-fenouils\/#breadcrumb\",\"itemListElement\":[{\"@type\":\"ListItem\",\"position\":1,\"name\":\"Home\",\"item\":\"https:\/\/www.linoxmodena.it\/fr\/home-page\/\"},{\"@type\":\"ListItem\",\"position\":2,\"name\":\"produits\",\"item\":\"https:\/\/www.linoxmodena.it\/fr\/archivio-prodotti\/\"},{\"@type\":\"ListItem\",\"position\":3,\"name\":\"Oignon, pommes de terre, poivrons, aubergines, laitue, chou, tomates, fenouil\"}]},{\"@type\":\"WebSite\",\"@id\":\"https:\/\/www.linoxmodena.it\/fr\/#website\",\"url\":\"https:\/\/www.linoxmodena.it\/fr\/\",\"name\":\"linoxmodena.it\",\"description\":\"\",\"potentialAction\":[{\"@type\":\"SearchAction\",\"target\":{\"@type\":\"EntryPoint\",\"urlTemplate\":\"https:\/\/www.linoxmodena.it\/fr\/?s={search_term_string}\"},\"query-input\":{\"@type\":\"PropertyValueSpecification\",\"valueRequired\":true,\"valueName\":\"search_term_string\"}}],\"inLanguage\":\"fr-FR\"}]}<\/script>\n<!-- \/ Yoast SEO plugin. -->","yoast_head_json":{"title":"Oignon, pommes de terre, poivrons, aubergines, laitue, chou, tomates, fenouil - linoxmodena.it","robots":{"index":"index","follow":"follow","max-snippet":"max-snippet:-1","max-image-preview":"max-image-preview:large","max-video-preview":"max-video-preview:-1"},"canonical":"https:\/\/www.linoxmodena.it\/fr\/product\/oignons-pommes-de-terre-poivrons-aubergines-salade-choux-tomates-fenouils\/","og_locale":"fr_FR","og_type":"article","og_title":"Oignon, pommes de terre, poivrons, aubergines, laitue, chou, tomates, fenouil - linoxmodena.it","og_description":"Les produits sont trait\u00e9s selon les demandes des clients, afin de r\u00e9pondre aux besoins du march\u00e9 et de la grande distribution. Les diff\u00e9rentes \u00e9tapes comprennent : le lavage, l\u2019arrachage, l&rsquo;effeuillage, l&rsquo;\u00e9t\u00eatage, le nettoyage, le calibrage m\u00e9canique et \u00e9lectronique, et enfin le conditionnement final.","og_url":"https:\/\/www.linoxmodena.it\/fr\/product\/oignons-pommes-de-terre-poivrons-aubergines-salade-choux-tomates-fenouils\/","og_site_name":"linoxmodena.it","article_modified_time":"2025-09-12T13:18:45+00:00","og_image":[{"width":1536,"height":1536,"url":"https:\/\/www.linoxmodena.it\/wp-content\/uploads\/2025\/06\/Cipolla-Patate-ecc1-1.webp","type":"image\/webp"}],"twitter_card":"summary_large_image","twitter_misc":{"Dur\u00e9e de lecture estim\u00e9e":"4 minutes"},"schema":{"@context":"https:\/\/schema.org","@graph":[{"@type":"WebPage","@id":"https:\/\/www.linoxmodena.it\/fr\/product\/oignons-pommes-de-terre-poivrons-aubergines-salade-choux-tomates-fenouils\/","url":"https:\/\/www.linoxmodena.it\/fr\/product\/oignons-pommes-de-terre-poivrons-aubergines-salade-choux-tomates-fenouils\/","name":"Oignon, pommes de terre, poivrons, aubergines, laitue, chou, tomates, fenouil - linoxmodena.it","isPartOf":{"@id":"https:\/\/www.linoxmodena.it\/fr\/#website"},"primaryImageOfPage":{"@id":"https:\/\/www.linoxmodena.it\/fr\/product\/oignons-pommes-de-terre-poivrons-aubergines-salade-choux-tomates-fenouils\/#primaryimage"},"image":{"@id":"https:\/\/www.linoxmodena.it\/fr\/product\/oignons-pommes-de-terre-poivrons-aubergines-salade-choux-tomates-fenouils\/#primaryimage"},"thumbnailUrl":"https:\/\/www.linoxmodena.it\/wp-content\/uploads\/2025\/06\/Cipolla-Patate-ecc1-1.webp","datePublished":"2025-06-30T14:52:08+00:00","dateModified":"2025-09-12T13:18:45+00:00","breadcrumb":{"@id":"https:\/\/www.linoxmodena.it\/fr\/product\/oignons-pommes-de-terre-poivrons-aubergines-salade-choux-tomates-fenouils\/#breadcrumb"},"inLanguage":"fr-FR","potentialAction":[{"@type":"ReadAction","target":["https:\/\/www.linoxmodena.it\/fr\/product\/oignons-pommes-de-terre-poivrons-aubergines-salade-choux-tomates-fenouils\/"]}]},{"@type":"ImageObject","inLanguage":"fr-FR","@id":"https:\/\/www.linoxmodena.it\/fr\/product\/oignons-pommes-de-terre-poivrons-aubergines-salade-choux-tomates-fenouils\/#primaryimage","url":"https:\/\/www.linoxmodena.it\/wp-content\/uploads\/2025\/06\/Cipolla-Patate-ecc1-1.webp","contentUrl":"https:\/\/www.linoxmodena.it\/wp-content\/uploads\/2025\/06\/Cipolla-Patate-ecc1-1.webp","width":1536,"height":1536},{"@type":"BreadcrumbList","@id":"https:\/\/www.linoxmodena.it\/fr\/product\/oignons-pommes-de-terre-poivrons-aubergines-salade-choux-tomates-fenouils\/#breadcrumb","itemListElement":[{"@type":"ListItem","position":1,"name":"Home","item":"https:\/\/www.linoxmodena.it\/fr\/home-page\/"},{"@type":"ListItem","position":2,"name":"produits","item":"https:\/\/www.linoxmodena.it\/fr\/archivio-prodotti\/"},{"@type":"ListItem","position":3,"name":"Oignon, pommes de terre, poivrons, aubergines, laitue, chou, tomates, fenouil"}]},{"@type":"WebSite","@id":"https:\/\/www.linoxmodena.it\/fr\/#website","url":"https:\/\/www.linoxmodena.it\/fr\/","name":"linoxmodena.it","description":"","potentialAction":[{"@type":"SearchAction","target":{"@type":"EntryPoint","urlTemplate":"https:\/\/www.linoxmodena.it\/fr\/?s={search_term_string}"},"query-input":{"@type":"PropertyValueSpecification","valueRequired":true,"valueName":"search_term_string"}}],"inLanguage":"fr-FR"}]}},"_links":{"self":[{"href":"https:\/\/www.linoxmodena.it\/fr\/wp-json\/wp\/v2\/product\/1198","targetHints":{"allow":["GET"]}}],"collection":[{"href":"https:\/\/www.linoxmodena.it\/fr\/wp-json\/wp\/v2\/product"}],"about":[{"href":"https:\/\/www.linoxmodena.it\/fr\/wp-json\/wp\/v2\/types\/product"}],"version-history":[{"count":4,"href":"https:\/\/www.linoxmodena.it\/fr\/wp-json\/wp\/v2\/product\/1198\/revisions"}],"predecessor-version":[{"id":1922,"href":"https:\/\/www.linoxmodena.it\/fr\/wp-json\/wp\/v2\/product\/1198\/revisions\/1922"}],"wp:featuredmedia":[{"embeddable":true,"href":"https:\/\/www.linoxmodena.it\/fr\/wp-json\/wp\/v2\/media\/1599"}],"wp:attachment":[{"href":"https:\/\/www.linoxmodena.it\/fr\/wp-json\/wp\/v2\/media?parent=1198"}],"wp:term":[{"taxonomy":"product-category","embeddable":true,"href":"https:\/\/www.linoxmodena.it\/fr\/wp-json\/wp\/v2\/product-category?post=1198"}],"curies":[{"name":"wp","href":"https:\/\/api.w.org\/{rel}","templated":true}]}}