{"id":1336,"date":"2025-06-30T15:50:45","date_gmt":"2025-06-30T14:50:45","guid":{"rendered":"https:\/\/www.linoxmodena.it\/product\/melocotones-ciruelas-albaricoques-kiwis\/"},"modified":"2025-09-12T15:23:35","modified_gmt":"2025-09-12T14:23:35","slug":"melocotones-ciruelas-albaricoques-kiwis","status":"publish","type":"product","link":"https:\/\/www.linoxmodena.it\/es\/product\/melocotones-ciruelas-albaricoques-kiwis\/","title":{"rendered":"Melocotones, ciruelas, albaricoques, kiwis"},"content":{"rendered":"\n<p>La fruta puede llegar de la cosecha en bins o cajas y, seg\u00fan el tipo de fruta que se procese, puede vaciarse en seco. Estas m\u00e1quinas, ya sean manuales o autom\u00e1ticas y autorregulables, est\u00e1n dise\u00f1adas para m\u00e1xima flexibilidad y eficiencia.<\/p>\n\n<p>A continuaci\u00f3n, pasamos a una fase de clasificaci\u00f3n manual, donde el producto puede cepillarse si es necesario, lavarse y secarse, y, en el caso del kiwi, tambi\u00e9n tratarse por inmersi\u00f3n con conservantes.<\/p>\n\n<p>Lista para la clasificaci\u00f3n, nuestra fruta se selecciona mediante calibradoras electr\u00f3nicas (peso, di\u00e1metro, color, calidad interna, calidad externa) y posteriormente se envasa (mesas de envasado r\u00e1pido, mesas de recirculaci\u00f3n) o se precalibra en cajas o bins (diversos modelos de llenadoras y m\u00e1quinas de desplazamiento de bins).<\/p>\n\n<figure class=\"wp-block-gallery has-nested-images columns-default is-cropped wp-block-gallery-1 is-layout-flex wp-block-gallery-is-layout-flex\">\n<figure class=\"wp-block-image size-large\"><a href=\"https:\/\/linoxmodena.it\/wp-content\/uploads\/2025\/06\/albicocche-1.webp\"><img fetchpriority=\"high\" decoding=\"async\" width=\"1024\" height=\"575\" data-id=\"932\" src=\"https:\/\/linoxmodena.it\/wp-content\/uploads\/2025\/06\/albicocche-1-1024x575.webp\" alt=\"\" class=\"wp-image-932\" srcset=\"https:\/\/www.linoxmodena.it\/wp-content\/uploads\/2025\/06\/albicocche-1-1024x575.webp 1024w, https:\/\/www.linoxmodena.it\/wp-content\/uploads\/2025\/06\/albicocche-1-300x169.webp 300w, https:\/\/www.linoxmodena.it\/wp-content\/uploads\/2025\/06\/albicocche-1-768x432.webp 768w, https:\/\/www.linoxmodena.it\/wp-content\/uploads\/2025\/06\/albicocche-1.webp 1500w\" sizes=\"(max-width: 1024px) 100vw, 1024px\" \/><\/a><\/figure>\n\n\n\n<figure class=\"wp-block-image size-large\"><a href=\"https:\/\/linoxmodena.it\/wp-content\/uploads\/2025\/06\/albicocche2.webp\"><img decoding=\"async\" width=\"1024\" height=\"768\" data-id=\"934\" src=\"https:\/\/linoxmodena.it\/wp-content\/uploads\/2025\/06\/albicocche2-1024x768.webp\" alt=\"\" class=\"wp-image-934\" srcset=\"https:\/\/www.linoxmodena.it\/wp-content\/uploads\/2025\/06\/albicocche2-1024x768.webp 1024w, https:\/\/www.linoxmodena.it\/wp-content\/uploads\/2025\/06\/albicocche2-300x225.webp 300w, https:\/\/www.linoxmodena.it\/wp-content\/uploads\/2025\/06\/albicocche2-768x576.webp 768w, https:\/\/www.linoxmodena.it\/wp-content\/uploads\/2025\/06\/albicocche2.webp 1500w\" sizes=\"(max-width: 1024px) 100vw, 1024px\" \/><\/a><\/figure>\n\n\n\n<figure class=\"wp-block-image size-large\"><a href=\"https:\/\/linoxmodena.it\/wp-content\/uploads\/2025\/06\/albicocche3.webp\"><img decoding=\"async\" width=\"1024\" height=\"768\" data-id=\"935\" src=\"https:\/\/linoxmodena.it\/wp-content\/uploads\/2025\/06\/albicocche3-1024x768.webp\" alt=\"\" class=\"wp-image-935\" srcset=\"https:\/\/www.linoxmodena.it\/wp-content\/uploads\/2025\/06\/albicocche3-1024x768.webp 1024w, https:\/\/www.linoxmodena.it\/wp-content\/uploads\/2025\/06\/albicocche3-300x225.webp 300w, https:\/\/www.linoxmodena.it\/wp-content\/uploads\/2025\/06\/albicocche3-768x576.webp 768w, https:\/\/www.linoxmodena.it\/wp-content\/uploads\/2025\/06\/albicocche3.webp 1500w\" sizes=\"(max-width: 1024px) 100vw, 1024px\" \/><\/a><\/figure>\n\n\n\n<figure class=\"wp-block-image size-large\"><a href=\"https:\/\/linoxmodena.it\/wp-content\/uploads\/2025\/06\/albicocche4.webp\"><img loading=\"lazy\" decoding=\"async\" width=\"1024\" height=\"768\" data-id=\"936\" src=\"https:\/\/linoxmodena.it\/wp-content\/uploads\/2025\/06\/albicocche4-1024x768.webp\" alt=\"\" class=\"wp-image-936\" srcset=\"https:\/\/www.linoxmodena.it\/wp-content\/uploads\/2025\/06\/albicocche4-1024x768.webp 1024w, https:\/\/www.linoxmodena.it\/wp-content\/uploads\/2025\/06\/albicocche4-300x225.webp 300w, https:\/\/www.linoxmodena.it\/wp-content\/uploads\/2025\/06\/albicocche4-768x576.webp 768w, https:\/\/www.linoxmodena.it\/wp-content\/uploads\/2025\/06\/albicocche4.webp 1500w\" sizes=\"(max-width: 1024px) 100vw, 1024px\" \/><\/a><\/figure>\n\n\n\n<figure class=\"wp-block-image size-large\"><a href=\"https:\/\/linoxmodena.it\/wp-content\/uploads\/2025\/06\/kiwi.webp\"><img loading=\"lazy\" decoding=\"async\" width=\"848\" height=\"480\" data-id=\"941\" src=\"https:\/\/linoxmodena.it\/wp-content\/uploads\/2025\/06\/kiwi.webp\" alt=\"\" class=\"wp-image-941\" srcset=\"https:\/\/www.linoxmodena.it\/wp-content\/uploads\/2025\/06\/kiwi.webp 848w, https:\/\/www.linoxmodena.it\/wp-content\/uploads\/2025\/06\/kiwi-300x170.webp 300w, https:\/\/www.linoxmodena.it\/wp-content\/uploads\/2025\/06\/kiwi-768x435.webp 768w\" sizes=\"(max-width: 848px) 100vw, 848px\" \/><\/a><\/figure>\n\n\n\n<figure class=\"wp-block-image size-large\"><a href=\"https:\/\/linoxmodena.it\/wp-content\/uploads\/2025\/06\/kiwi2.webp\"><img loading=\"lazy\" decoding=\"async\" width=\"848\" height=\"480\" data-id=\"938\" src=\"https:\/\/linoxmodena.it\/wp-content\/uploads\/2025\/06\/kiwi2.webp\" alt=\"\" class=\"wp-image-938\" srcset=\"https:\/\/www.linoxmodena.it\/wp-content\/uploads\/2025\/06\/kiwi2.webp 848w, https:\/\/www.linoxmodena.it\/wp-content\/uploads\/2025\/06\/kiwi2-300x170.webp 300w, https:\/\/www.linoxmodena.it\/wp-content\/uploads\/2025\/06\/kiwi2-768x435.webp 768w\" sizes=\"(max-width: 848px) 100vw, 848px\" \/><\/a><\/figure>\n\n\n\n<figure class=\"wp-block-image size-large\"><a href=\"https:\/\/linoxmodena.it\/wp-content\/uploads\/2025\/06\/kiwi3.webp\"><img loading=\"lazy\" decoding=\"async\" width=\"539\" height=\"305\" data-id=\"929\" src=\"https:\/\/linoxmodena.it\/wp-content\/uploads\/2025\/06\/kiwi3.webp\" alt=\"\" class=\"wp-image-929\" srcset=\"https:\/\/www.linoxmodena.it\/wp-content\/uploads\/2025\/06\/kiwi3.webp 539w, https:\/\/www.linoxmodena.it\/wp-content\/uploads\/2025\/06\/kiwi3-300x170.webp 300w\" sizes=\"(max-width: 539px) 100vw, 539px\" \/><\/a><\/figure>\n\n\n\n<figure class=\"wp-block-image size-large\"><a href=\"https:\/\/linoxmodena.it\/wp-content\/uploads\/2025\/06\/pesche-1.webp\"><img loading=\"lazy\" decoding=\"async\" width=\"1024\" height=\"576\" data-id=\"939\" src=\"https:\/\/linoxmodena.it\/wp-content\/uploads\/2025\/06\/pesche-1-1024x576.webp\" alt=\"\" class=\"wp-image-939\" srcset=\"https:\/\/www.linoxmodena.it\/wp-content\/uploads\/2025\/06\/pesche-1-1024x576.webp 1024w, https:\/\/www.linoxmodena.it\/wp-content\/uploads\/2025\/06\/pesche-1-300x169.webp 300w, https:\/\/www.linoxmodena.it\/wp-content\/uploads\/2025\/06\/pesche-1-768x432.webp 768w, https:\/\/www.linoxmodena.it\/wp-content\/uploads\/2025\/06\/pesche-1-1536x864.webp 1536w, https:\/\/www.linoxmodena.it\/wp-content\/uploads\/2025\/06\/pesche-1.webp 1920w\" sizes=\"(max-width: 1024px) 100vw, 1024px\" \/><\/a><\/figure>\n\n\n\n<figure class=\"wp-block-image size-large\"><a href=\"https:\/\/linoxmodena.it\/wp-content\/uploads\/2025\/06\/pesche2-1.webp\"><img loading=\"lazy\" decoding=\"async\" width=\"848\" height=\"480\" data-id=\"931\" src=\"https:\/\/linoxmodena.it\/wp-content\/uploads\/2025\/06\/pesche2-1.webp\" alt=\"\" class=\"wp-image-931\" srcset=\"https:\/\/www.linoxmodena.it\/wp-content\/uploads\/2025\/06\/pesche2-1.webp 848w, https:\/\/www.linoxmodena.it\/wp-content\/uploads\/2025\/06\/pesche2-1-300x170.webp 300w, https:\/\/www.linoxmodena.it\/wp-content\/uploads\/2025\/06\/pesche2-1-768x435.webp 768w\" sizes=\"(max-width: 848px) 100vw, 848px\" \/><\/a><\/figure>\n<\/figure>\n","protected":false},"excerpt":{"rendered":"<p>La fruta puede llegar de la cosecha en bins o cajas y, seg\u00fan el tipo de fruta que se procese, puede vaciarse en seco. Estas m\u00e1quinas, ya sean manuales o autom\u00e1ticas y autorregulables, est\u00e1n dise\u00f1adas para m\u00e1xima flexibilidad y eficiencia. A continuaci\u00f3n, pasamos a una fase de clasificaci\u00f3n manual, donde el producto puede cepillarse si [&hellip;]<\/p>\n","protected":false},"featured_media":0,"template":"","meta":{"_acf_changed":false,"footnotes":""},"product-category":[34],"class_list":["post-1336","product","type-product","status-publish","hentry","product-category-procesamiento-de-fruta"],"acf":[],"yoast_head":"<!-- This site is optimized with the Yoast SEO plugin v25.9 - https:\/\/yoast.com\/wordpress\/plugins\/seo\/ -->\n<title>Melocotones, ciruelas, albaricoques, kiwis - linoxmodena.it<\/title>\n<meta name=\"robots\" content=\"index, follow, max-snippet:-1, max-image-preview:large, max-video-preview:-1\" \/>\n<link rel=\"canonical\" href=\"https:\/\/www.linoxmodena.it\/es\/product\/melocotones-ciruelas-albaricoques-kiwis\/\" \/>\n<meta property=\"og:locale\" content=\"es_ES\" \/>\n<meta property=\"og:type\" content=\"article\" \/>\n<meta property=\"og:title\" content=\"Melocotones, ciruelas, albaricoques, kiwis - linoxmodena.it\" \/>\n<meta property=\"og:description\" content=\"La fruta puede llegar de la cosecha en bins o cajas y, seg\u00fan el tipo de fruta que se procese, puede vaciarse en seco. Estas m\u00e1quinas, ya sean manuales o autom\u00e1ticas y autorregulables, est\u00e1n dise\u00f1adas para m\u00e1xima flexibilidad y eficiencia. A continuaci\u00f3n, pasamos a una fase de clasificaci\u00f3n manual, donde el producto puede cepillarse si [&hellip;]\" \/>\n<meta property=\"og:url\" content=\"https:\/\/www.linoxmodena.it\/es\/product\/melocotones-ciruelas-albaricoques-kiwis\/\" \/>\n<meta property=\"og:site_name\" content=\"linoxmodena.it\" \/>\n<meta property=\"article:modified_time\" content=\"2025-09-12T14:23:35+00:00\" \/>\n<meta property=\"og:image\" content=\"https:\/\/www.linoxmodena.it\/wp-content\/uploads\/2025\/06\/albicocche-1.webp\" \/>\n\t<meta property=\"og:image:width\" content=\"1500\" \/>\n\t<meta property=\"og:image:height\" content=\"843\" \/>\n\t<meta property=\"og:image:type\" content=\"image\/webp\" \/>\n<meta name=\"twitter:card\" content=\"summary_large_image\" \/>\n<meta name=\"twitter:label1\" content=\"Tiempo de lectura\" \/>\n\t<meta name=\"twitter:data1\" content=\"1 minuto\" \/>\n<script type=\"application\/ld+json\" class=\"yoast-schema-graph\">{\"@context\":\"https:\/\/schema.org\",\"@graph\":[{\"@type\":\"WebPage\",\"@id\":\"https:\/\/www.linoxmodena.it\/es\/product\/melocotones-ciruelas-albaricoques-kiwis\/\",\"url\":\"https:\/\/www.linoxmodena.it\/es\/product\/melocotones-ciruelas-albaricoques-kiwis\/\",\"name\":\"Melocotones, ciruelas, albaricoques, kiwis - linoxmodena.it\",\"isPartOf\":{\"@id\":\"https:\/\/www.linoxmodena.it\/es\/#website\"},\"primaryImageOfPage\":{\"@id\":\"https:\/\/www.linoxmodena.it\/es\/product\/melocotones-ciruelas-albaricoques-kiwis\/#primaryimage\"},\"image\":{\"@id\":\"https:\/\/www.linoxmodena.it\/es\/product\/melocotones-ciruelas-albaricoques-kiwis\/#primaryimage\"},\"thumbnailUrl\":\"https:\/\/linoxmodena.it\/wp-content\/uploads\/2025\/06\/albicocche-1-1024x575.webp\",\"datePublished\":\"2025-06-30T14:50:45+00:00\",\"dateModified\":\"2025-09-12T14:23:35+00:00\",\"breadcrumb\":{\"@id\":\"https:\/\/www.linoxmodena.it\/es\/product\/melocotones-ciruelas-albaricoques-kiwis\/#breadcrumb\"},\"inLanguage\":\"es\",\"potentialAction\":[{\"@type\":\"ReadAction\",\"target\":[\"https:\/\/www.linoxmodena.it\/es\/product\/melocotones-ciruelas-albaricoques-kiwis\/\"]}]},{\"@type\":\"ImageObject\",\"inLanguage\":\"es\",\"@id\":\"https:\/\/www.linoxmodena.it\/es\/product\/melocotones-ciruelas-albaricoques-kiwis\/#primaryimage\",\"url\":\"https:\/\/linoxmodena.it\/wp-content\/uploads\/2025\/06\/albicocche-1-1024x575.webp\",\"contentUrl\":\"https:\/\/linoxmodena.it\/wp-content\/uploads\/2025\/06\/albicocche-1-1024x575.webp\"},{\"@type\":\"BreadcrumbList\",\"@id\":\"https:\/\/www.linoxmodena.it\/es\/product\/melocotones-ciruelas-albaricoques-kiwis\/#breadcrumb\",\"itemListElement\":[{\"@type\":\"ListItem\",\"position\":1,\"name\":\"Home\",\"item\":\"https:\/\/www.linoxmodena.it\/es\/home-page\/\"},{\"@type\":\"ListItem\",\"position\":2,\"name\":\"productos\",\"item\":\"https:\/\/www.linoxmodena.it\/es\/archivio-prodotti\/\"},{\"@type\":\"ListItem\",\"position\":3,\"name\":\"Melocotones, ciruelas, albaricoques, kiwis\"}]},{\"@type\":\"WebSite\",\"@id\":\"https:\/\/www.linoxmodena.it\/es\/#website\",\"url\":\"https:\/\/www.linoxmodena.it\/es\/\",\"name\":\"linoxmodena.it\",\"description\":\"\",\"potentialAction\":[{\"@type\":\"SearchAction\",\"target\":{\"@type\":\"EntryPoint\",\"urlTemplate\":\"https:\/\/www.linoxmodena.it\/es\/?s={search_term_string}\"},\"query-input\":{\"@type\":\"PropertyValueSpecification\",\"valueRequired\":true,\"valueName\":\"search_term_string\"}}],\"inLanguage\":\"es\"}]}<\/script>\n<!-- \/ Yoast SEO plugin. -->","yoast_head_json":{"title":"Melocotones, ciruelas, albaricoques, kiwis - linoxmodena.it","robots":{"index":"index","follow":"follow","max-snippet":"max-snippet:-1","max-image-preview":"max-image-preview:large","max-video-preview":"max-video-preview:-1"},"canonical":"https:\/\/www.linoxmodena.it\/es\/product\/melocotones-ciruelas-albaricoques-kiwis\/","og_locale":"es_ES","og_type":"article","og_title":"Melocotones, ciruelas, albaricoques, kiwis - linoxmodena.it","og_description":"La fruta puede llegar de la cosecha en bins o cajas y, seg\u00fan el tipo de fruta que se procese, puede vaciarse en seco. Estas m\u00e1quinas, ya sean manuales o autom\u00e1ticas y autorregulables, est\u00e1n dise\u00f1adas para m\u00e1xima flexibilidad y eficiencia. A continuaci\u00f3n, pasamos a una fase de clasificaci\u00f3n manual, donde el producto puede cepillarse si [&hellip;]","og_url":"https:\/\/www.linoxmodena.it\/es\/product\/melocotones-ciruelas-albaricoques-kiwis\/","og_site_name":"linoxmodena.it","article_modified_time":"2025-09-12T14:23:35+00:00","og_image":[{"width":1500,"height":843,"url":"https:\/\/www.linoxmodena.it\/wp-content\/uploads\/2025\/06\/albicocche-1.webp","type":"image\/webp"}],"twitter_card":"summary_large_image","twitter_misc":{"Tiempo de lectura":"1 minuto"},"schema":{"@context":"https:\/\/schema.org","@graph":[{"@type":"WebPage","@id":"https:\/\/www.linoxmodena.it\/es\/product\/melocotones-ciruelas-albaricoques-kiwis\/","url":"https:\/\/www.linoxmodena.it\/es\/product\/melocotones-ciruelas-albaricoques-kiwis\/","name":"Melocotones, ciruelas, albaricoques, kiwis - linoxmodena.it","isPartOf":{"@id":"https:\/\/www.linoxmodena.it\/es\/#website"},"primaryImageOfPage":{"@id":"https:\/\/www.linoxmodena.it\/es\/product\/melocotones-ciruelas-albaricoques-kiwis\/#primaryimage"},"image":{"@id":"https:\/\/www.linoxmodena.it\/es\/product\/melocotones-ciruelas-albaricoques-kiwis\/#primaryimage"},"thumbnailUrl":"https:\/\/linoxmodena.it\/wp-content\/uploads\/2025\/06\/albicocche-1-1024x575.webp","datePublished":"2025-06-30T14:50:45+00:00","dateModified":"2025-09-12T14:23:35+00:00","breadcrumb":{"@id":"https:\/\/www.linoxmodena.it\/es\/product\/melocotones-ciruelas-albaricoques-kiwis\/#breadcrumb"},"inLanguage":"es","potentialAction":[{"@type":"ReadAction","target":["https:\/\/www.linoxmodena.it\/es\/product\/melocotones-ciruelas-albaricoques-kiwis\/"]}]},{"@type":"ImageObject","inLanguage":"es","@id":"https:\/\/www.linoxmodena.it\/es\/product\/melocotones-ciruelas-albaricoques-kiwis\/#primaryimage","url":"https:\/\/linoxmodena.it\/wp-content\/uploads\/2025\/06\/albicocche-1-1024x575.webp","contentUrl":"https:\/\/linoxmodena.it\/wp-content\/uploads\/2025\/06\/albicocche-1-1024x575.webp"},{"@type":"BreadcrumbList","@id":"https:\/\/www.linoxmodena.it\/es\/product\/melocotones-ciruelas-albaricoques-kiwis\/#breadcrumb","itemListElement":[{"@type":"ListItem","position":1,"name":"Home","item":"https:\/\/www.linoxmodena.it\/es\/home-page\/"},{"@type":"ListItem","position":2,"name":"productos","item":"https:\/\/www.linoxmodena.it\/es\/archivio-prodotti\/"},{"@type":"ListItem","position":3,"name":"Melocotones, ciruelas, albaricoques, kiwis"}]},{"@type":"WebSite","@id":"https:\/\/www.linoxmodena.it\/es\/#website","url":"https:\/\/www.linoxmodena.it\/es\/","name":"linoxmodena.it","description":"","potentialAction":[{"@type":"SearchAction","target":{"@type":"EntryPoint","urlTemplate":"https:\/\/www.linoxmodena.it\/es\/?s={search_term_string}"},"query-input":{"@type":"PropertyValueSpecification","valueRequired":true,"valueName":"search_term_string"}}],"inLanguage":"es"}]}},"_links":{"self":[{"href":"https:\/\/www.linoxmodena.it\/es\/wp-json\/wp\/v2\/product\/1336","targetHints":{"allow":["GET"]}}],"collection":[{"href":"https:\/\/www.linoxmodena.it\/es\/wp-json\/wp\/v2\/product"}],"about":[{"href":"https:\/\/www.linoxmodena.it\/es\/wp-json\/wp\/v2\/types\/product"}],"version-history":[{"count":7,"href":"https:\/\/www.linoxmodena.it\/es\/wp-json\/wp\/v2\/product\/1336\/revisions"}],"predecessor-version":[{"id":2150,"href":"https:\/\/www.linoxmodena.it\/es\/wp-json\/wp\/v2\/product\/1336\/revisions\/2150"}],"wp:attachment":[{"href":"https:\/\/www.linoxmodena.it\/es\/wp-json\/wp\/v2\/media?parent=1336"}],"wp:term":[{"taxonomy":"product-category","embeddable":true,"href":"https:\/\/www.linoxmodena.it\/es\/wp-json\/wp\/v2\/product-category?post=1336"}],"curies":[{"name":"wp","href":"https:\/\/api.w.org\/{rel}","templated":true}]}}