{"id":1324,"date":"2025-06-30T15:49:47","date_gmt":"2025-06-30T14:49:47","guid":{"rendered":"https:\/\/www.linoxmodena.it\/product\/aguacates-sandias-melones\/"},"modified":"2025-09-12T15:21:46","modified_gmt":"2025-09-12T14:21:46","slug":"aguacates-sandias-melones","status":"publish","type":"product","link":"https:\/\/www.linoxmodena.it\/es\/product\/aguacates-sandias-melones\/","title":{"rendered":"Aguacate, Sand\u00edas, Melones"},"content":{"rendered":"\n<p>Este tipo de fruta se procesa seg\u00fan las especificaciones del producto. Existen cientos de variedades de sand\u00eda, cada una con caracter\u00edsticas \u00fanicas en cuanto a forma, tama\u00f1o y peso. Las principales diferencias radican en la forma, que puede ser redonda, ovalada u oblonga, y nuestras clasificadoras est\u00e1n dise\u00f1adas para procesar cualquier variedad. Nuestra tecnolog\u00eda tambi\u00e9n puede procesar diferentes variedades de mel\u00f3n: cantalupo, mel\u00f3n reticulado, mel\u00f3n sapo, verde y amarillo.   <\/p>\n\n<figure class=\"wp-block-gallery has-nested-images columns-default is-cropped wp-block-gallery-1 is-layout-flex wp-block-gallery-is-layout-flex\">\n<figure class=\"wp-block-image size-large\"><a href=\"https:\/\/linoxmodena.it\/wp-content\/uploads\/2025\/06\/avocado.webp\"><img fetchpriority=\"high\" decoding=\"async\" width=\"768\" height=\"576\" data-id=\"912\" src=\"https:\/\/linoxmodena.it\/wp-content\/uploads\/2025\/06\/avocado.webp\" alt=\"\" class=\"wp-image-912\" srcset=\"https:\/\/www.linoxmodena.it\/wp-content\/uploads\/2025\/06\/avocado.webp 768w, https:\/\/www.linoxmodena.it\/wp-content\/uploads\/2025\/06\/avocado-300x225.webp 300w\" sizes=\"(max-width: 768px) 100vw, 768px\" \/><\/a><\/figure>\n\n\n\n<figure class=\"wp-block-image size-large\"><a href=\"https:\/\/linoxmodena.it\/wp-content\/uploads\/2025\/06\/avocado2.webp\"><img decoding=\"async\" width=\"640\" height=\"480\" data-id=\"914\" src=\"https:\/\/linoxmodena.it\/wp-content\/uploads\/2025\/06\/avocado2.webp\" alt=\"\" class=\"wp-image-914\" srcset=\"https:\/\/www.linoxmodena.it\/wp-content\/uploads\/2025\/06\/avocado2.webp 640w, https:\/\/www.linoxmodena.it\/wp-content\/uploads\/2025\/06\/avocado2-300x225.webp 300w\" sizes=\"(max-width: 640px) 100vw, 640px\" \/><\/a><\/figure>\n\n\n\n<figure class=\"wp-block-image size-large\"><a href=\"https:\/\/linoxmodena.it\/wp-content\/uploads\/2025\/06\/cocomeri-1.webp\"><img decoding=\"async\" width=\"848\" height=\"480\" data-id=\"919\" src=\"https:\/\/linoxmodena.it\/wp-content\/uploads\/2025\/06\/cocomeri-1.webp\" alt=\"\" class=\"wp-image-919\" srcset=\"https:\/\/www.linoxmodena.it\/wp-content\/uploads\/2025\/06\/cocomeri-1.webp 848w, https:\/\/www.linoxmodena.it\/wp-content\/uploads\/2025\/06\/cocomeri-1-300x170.webp 300w, https:\/\/www.linoxmodena.it\/wp-content\/uploads\/2025\/06\/cocomeri-1-768x435.webp 768w\" sizes=\"(max-width: 848px) 100vw, 848px\" \/><\/a><\/figure>\n\n\n\n<figure class=\"wp-block-image size-large\"><a href=\"https:\/\/linoxmodena.it\/wp-content\/uploads\/2025\/06\/cocomeri2.webp\"><img loading=\"lazy\" decoding=\"async\" width=\"848\" height=\"480\" data-id=\"913\" src=\"https:\/\/linoxmodena.it\/wp-content\/uploads\/2025\/06\/cocomeri2.webp\" alt=\"\" class=\"wp-image-913\" srcset=\"https:\/\/www.linoxmodena.it\/wp-content\/uploads\/2025\/06\/cocomeri2.webp 848w, https:\/\/www.linoxmodena.it\/wp-content\/uploads\/2025\/06\/cocomeri2-300x170.webp 300w, https:\/\/www.linoxmodena.it\/wp-content\/uploads\/2025\/06\/cocomeri2-768x435.webp 768w\" sizes=\"(max-width: 848px) 100vw, 848px\" \/><\/a><\/figure>\n\n\n\n<figure class=\"wp-block-image size-large\"><a href=\"https:\/\/linoxmodena.it\/wp-content\/uploads\/2025\/06\/meloni-1.webp\"><img loading=\"lazy\" decoding=\"async\" width=\"640\" height=\"352\" data-id=\"915\" src=\"https:\/\/linoxmodena.it\/wp-content\/uploads\/2025\/06\/meloni-1.webp\" alt=\"\" class=\"wp-image-915\" srcset=\"https:\/\/www.linoxmodena.it\/wp-content\/uploads\/2025\/06\/meloni-1.webp 640w, https:\/\/www.linoxmodena.it\/wp-content\/uploads\/2025\/06\/meloni-1-300x165.webp 300w\" sizes=\"(max-width: 640px) 100vw, 640px\" \/><\/a><\/figure>\n\n\n\n<figure class=\"wp-block-image size-large\"><a href=\"https:\/\/linoxmodena.it\/wp-content\/uploads\/2025\/06\/meloni2.webp\"><img loading=\"lazy\" decoding=\"async\" width=\"640\" height=\"352\" data-id=\"917\" src=\"https:\/\/linoxmodena.it\/wp-content\/uploads\/2025\/06\/meloni2.webp\" alt=\"\" class=\"wp-image-917\" srcset=\"https:\/\/www.linoxmodena.it\/wp-content\/uploads\/2025\/06\/meloni2.webp 640w, https:\/\/www.linoxmodena.it\/wp-content\/uploads\/2025\/06\/meloni2-300x165.webp 300w\" sizes=\"(max-width: 640px) 100vw, 640px\" \/><\/a><\/figure>\n\n\n\n<figure class=\"wp-block-image size-large\"><a href=\"https:\/\/linoxmodena.it\/wp-content\/uploads\/2025\/06\/meloni3.webp\"><img loading=\"lazy\" decoding=\"async\" width=\"640\" height=\"352\" data-id=\"918\" src=\"https:\/\/linoxmodena.it\/wp-content\/uploads\/2025\/06\/meloni3.webp\" alt=\"\" class=\"wp-image-918\" srcset=\"https:\/\/www.linoxmodena.it\/wp-content\/uploads\/2025\/06\/meloni3.webp 640w, https:\/\/www.linoxmodena.it\/wp-content\/uploads\/2025\/06\/meloni3-300x165.webp 300w\" sizes=\"(max-width: 640px) 100vw, 640px\" \/><\/a><\/figure>\n\n\n\n<figure class=\"wp-block-image size-large\"><a href=\"https:\/\/linoxmodena.it\/wp-content\/uploads\/2025\/06\/meloni4.webp\"><img loading=\"lazy\" decoding=\"async\" width=\"640\" height=\"352\" data-id=\"916\" src=\"https:\/\/linoxmodena.it\/wp-content\/uploads\/2025\/06\/meloni4.webp\" alt=\"\" class=\"wp-image-916\" srcset=\"https:\/\/www.linoxmodena.it\/wp-content\/uploads\/2025\/06\/meloni4.webp 640w, https:\/\/www.linoxmodena.it\/wp-content\/uploads\/2025\/06\/meloni4-300x165.webp 300w\" sizes=\"(max-width: 640px) 100vw, 640px\" \/><\/a><\/figure>\n<\/figure>\n","protected":false},"excerpt":{"rendered":"<p>Este tipo de fruta se procesa seg\u00fan las especificaciones del producto. Existen cientos de variedades de sand\u00eda, cada una con caracter\u00edsticas \u00fanicas en cuanto a forma, tama\u00f1o y peso. Las principales diferencias radican en la forma, que puede ser redonda, ovalada u oblonga, y nuestras clasificadoras est\u00e1n dise\u00f1adas para procesar cualquier variedad. Nuestra tecnolog\u00eda tambi\u00e9n [&hellip;]<\/p>\n","protected":false},"featured_media":1587,"template":"","meta":{"_acf_changed":false,"footnotes":""},"product-category":[34],"class_list":["post-1324","product","type-product","status-publish","has-post-thumbnail","hentry","product-category-procesamiento-de-fruta"],"acf":[],"yoast_head":"<!-- This site is optimized with the Yoast SEO plugin v25.9 - https:\/\/yoast.com\/wordpress\/plugins\/seo\/ -->\n<title>Aguacate, Sand\u00edas, Melones - linoxmodena.it<\/title>\n<meta name=\"robots\" content=\"index, follow, max-snippet:-1, max-image-preview:large, max-video-preview:-1\" \/>\n<link rel=\"canonical\" href=\"https:\/\/www.linoxmodena.it\/es\/product\/aguacates-sandias-melones\/\" \/>\n<meta property=\"og:locale\" content=\"es_ES\" \/>\n<meta property=\"og:type\" content=\"article\" \/>\n<meta property=\"og:title\" content=\"Aguacate, Sand\u00edas, Melones - linoxmodena.it\" \/>\n<meta property=\"og:description\" content=\"Este tipo de fruta se procesa seg\u00fan las especificaciones del producto. Existen cientos de variedades de sand\u00eda, cada una con caracter\u00edsticas \u00fanicas en cuanto a forma, tama\u00f1o y peso. Las principales diferencias radican en la forma, que puede ser redonda, ovalada u oblonga, y nuestras clasificadoras est\u00e1n dise\u00f1adas para procesar cualquier variedad. Nuestra tecnolog\u00eda tambi\u00e9n [&hellip;]\" \/>\n<meta property=\"og:url\" content=\"https:\/\/www.linoxmodena.it\/es\/product\/aguacates-sandias-melones\/\" \/>\n<meta property=\"og:site_name\" content=\"linoxmodena.it\" \/>\n<meta property=\"article:modified_time\" content=\"2025-09-12T14:21:46+00:00\" \/>\n<meta property=\"og:image\" content=\"https:\/\/www.linoxmodena.it\/wp-content\/uploads\/2025\/06\/Avocado-Cocomeri-Meloni1-3.webp\" \/>\n\t<meta property=\"og:image:width\" content=\"1024\" \/>\n\t<meta property=\"og:image:height\" content=\"1024\" \/>\n\t<meta property=\"og:image:type\" content=\"image\/webp\" \/>\n<meta name=\"twitter:card\" content=\"summary_large_image\" \/>\n<meta name=\"twitter:label1\" content=\"Tiempo de lectura\" \/>\n\t<meta name=\"twitter:data1\" content=\"3 minutos\" \/>\n<script type=\"application\/ld+json\" class=\"yoast-schema-graph\">{\"@context\":\"https:\/\/schema.org\",\"@graph\":[{\"@type\":\"WebPage\",\"@id\":\"https:\/\/www.linoxmodena.it\/es\/product\/aguacates-sandias-melones\/\",\"url\":\"https:\/\/www.linoxmodena.it\/es\/product\/aguacates-sandias-melones\/\",\"name\":\"Aguacate, Sand\u00edas, Melones - linoxmodena.it\",\"isPartOf\":{\"@id\":\"https:\/\/www.linoxmodena.it\/es\/#website\"},\"primaryImageOfPage\":{\"@id\":\"https:\/\/www.linoxmodena.it\/es\/product\/aguacates-sandias-melones\/#primaryimage\"},\"image\":{\"@id\":\"https:\/\/www.linoxmodena.it\/es\/product\/aguacates-sandias-melones\/#primaryimage\"},\"thumbnailUrl\":\"https:\/\/www.linoxmodena.it\/wp-content\/uploads\/2025\/06\/Avocado-Cocomeri-Meloni1-3.webp\",\"datePublished\":\"2025-06-30T14:49:47+00:00\",\"dateModified\":\"2025-09-12T14:21:46+00:00\",\"breadcrumb\":{\"@id\":\"https:\/\/www.linoxmodena.it\/es\/product\/aguacates-sandias-melones\/#breadcrumb\"},\"inLanguage\":\"es\",\"potentialAction\":[{\"@type\":\"ReadAction\",\"target\":[\"https:\/\/www.linoxmodena.it\/es\/product\/aguacates-sandias-melones\/\"]}]},{\"@type\":\"ImageObject\",\"inLanguage\":\"es\",\"@id\":\"https:\/\/www.linoxmodena.it\/es\/product\/aguacates-sandias-melones\/#primaryimage\",\"url\":\"https:\/\/www.linoxmodena.it\/wp-content\/uploads\/2025\/06\/Avocado-Cocomeri-Meloni1-3.webp\",\"contentUrl\":\"https:\/\/www.linoxmodena.it\/wp-content\/uploads\/2025\/06\/Avocado-Cocomeri-Meloni1-3.webp\",\"width\":1024,\"height\":1024},{\"@type\":\"BreadcrumbList\",\"@id\":\"https:\/\/www.linoxmodena.it\/es\/product\/aguacates-sandias-melones\/#breadcrumb\",\"itemListElement\":[{\"@type\":\"ListItem\",\"position\":1,\"name\":\"Home\",\"item\":\"https:\/\/www.linoxmodena.it\/es\/home-page\/\"},{\"@type\":\"ListItem\",\"position\":2,\"name\":\"productos\",\"item\":\"https:\/\/www.linoxmodena.it\/es\/archivio-prodotti\/\"},{\"@type\":\"ListItem\",\"position\":3,\"name\":\"Aguacate, Sand\u00edas, Melones\"}]},{\"@type\":\"WebSite\",\"@id\":\"https:\/\/www.linoxmodena.it\/es\/#website\",\"url\":\"https:\/\/www.linoxmodena.it\/es\/\",\"name\":\"linoxmodena.it\",\"description\":\"\",\"potentialAction\":[{\"@type\":\"SearchAction\",\"target\":{\"@type\":\"EntryPoint\",\"urlTemplate\":\"https:\/\/www.linoxmodena.it\/es\/?s={search_term_string}\"},\"query-input\":{\"@type\":\"PropertyValueSpecification\",\"valueRequired\":true,\"valueName\":\"search_term_string\"}}],\"inLanguage\":\"es\"}]}<\/script>\n<!-- \/ Yoast SEO plugin. -->","yoast_head_json":{"title":"Aguacate, Sand\u00edas, Melones - linoxmodena.it","robots":{"index":"index","follow":"follow","max-snippet":"max-snippet:-1","max-image-preview":"max-image-preview:large","max-video-preview":"max-video-preview:-1"},"canonical":"https:\/\/www.linoxmodena.it\/es\/product\/aguacates-sandias-melones\/","og_locale":"es_ES","og_type":"article","og_title":"Aguacate, Sand\u00edas, Melones - linoxmodena.it","og_description":"Este tipo de fruta se procesa seg\u00fan las especificaciones del producto. Existen cientos de variedades de sand\u00eda, cada una con caracter\u00edsticas \u00fanicas en cuanto a forma, tama\u00f1o y peso. Las principales diferencias radican en la forma, que puede ser redonda, ovalada u oblonga, y nuestras clasificadoras est\u00e1n dise\u00f1adas para procesar cualquier variedad. Nuestra tecnolog\u00eda tambi\u00e9n [&hellip;]","og_url":"https:\/\/www.linoxmodena.it\/es\/product\/aguacates-sandias-melones\/","og_site_name":"linoxmodena.it","article_modified_time":"2025-09-12T14:21:46+00:00","og_image":[{"width":1024,"height":1024,"url":"https:\/\/www.linoxmodena.it\/wp-content\/uploads\/2025\/06\/Avocado-Cocomeri-Meloni1-3.webp","type":"image\/webp"}],"twitter_card":"summary_large_image","twitter_misc":{"Tiempo de lectura":"3 minutos"},"schema":{"@context":"https:\/\/schema.org","@graph":[{"@type":"WebPage","@id":"https:\/\/www.linoxmodena.it\/es\/product\/aguacates-sandias-melones\/","url":"https:\/\/www.linoxmodena.it\/es\/product\/aguacates-sandias-melones\/","name":"Aguacate, Sand\u00edas, Melones - linoxmodena.it","isPartOf":{"@id":"https:\/\/www.linoxmodena.it\/es\/#website"},"primaryImageOfPage":{"@id":"https:\/\/www.linoxmodena.it\/es\/product\/aguacates-sandias-melones\/#primaryimage"},"image":{"@id":"https:\/\/www.linoxmodena.it\/es\/product\/aguacates-sandias-melones\/#primaryimage"},"thumbnailUrl":"https:\/\/www.linoxmodena.it\/wp-content\/uploads\/2025\/06\/Avocado-Cocomeri-Meloni1-3.webp","datePublished":"2025-06-30T14:49:47+00:00","dateModified":"2025-09-12T14:21:46+00:00","breadcrumb":{"@id":"https:\/\/www.linoxmodena.it\/es\/product\/aguacates-sandias-melones\/#breadcrumb"},"inLanguage":"es","potentialAction":[{"@type":"ReadAction","target":["https:\/\/www.linoxmodena.it\/es\/product\/aguacates-sandias-melones\/"]}]},{"@type":"ImageObject","inLanguage":"es","@id":"https:\/\/www.linoxmodena.it\/es\/product\/aguacates-sandias-melones\/#primaryimage","url":"https:\/\/www.linoxmodena.it\/wp-content\/uploads\/2025\/06\/Avocado-Cocomeri-Meloni1-3.webp","contentUrl":"https:\/\/www.linoxmodena.it\/wp-content\/uploads\/2025\/06\/Avocado-Cocomeri-Meloni1-3.webp","width":1024,"height":1024},{"@type":"BreadcrumbList","@id":"https:\/\/www.linoxmodena.it\/es\/product\/aguacates-sandias-melones\/#breadcrumb","itemListElement":[{"@type":"ListItem","position":1,"name":"Home","item":"https:\/\/www.linoxmodena.it\/es\/home-page\/"},{"@type":"ListItem","position":2,"name":"productos","item":"https:\/\/www.linoxmodena.it\/es\/archivio-prodotti\/"},{"@type":"ListItem","position":3,"name":"Aguacate, Sand\u00edas, Melones"}]},{"@type":"WebSite","@id":"https:\/\/www.linoxmodena.it\/es\/#website","url":"https:\/\/www.linoxmodena.it\/es\/","name":"linoxmodena.it","description":"","potentialAction":[{"@type":"SearchAction","target":{"@type":"EntryPoint","urlTemplate":"https:\/\/www.linoxmodena.it\/es\/?s={search_term_string}"},"query-input":{"@type":"PropertyValueSpecification","valueRequired":true,"valueName":"search_term_string"}}],"inLanguage":"es"}]}},"_links":{"self":[{"href":"https:\/\/www.linoxmodena.it\/es\/wp-json\/wp\/v2\/product\/1324","targetHints":{"allow":["GET"]}}],"collection":[{"href":"https:\/\/www.linoxmodena.it\/es\/wp-json\/wp\/v2\/product"}],"about":[{"href":"https:\/\/www.linoxmodena.it\/es\/wp-json\/wp\/v2\/types\/product"}],"version-history":[{"count":7,"href":"https:\/\/www.linoxmodena.it\/es\/wp-json\/wp\/v2\/product\/1324\/revisions"}],"predecessor-version":[{"id":2148,"href":"https:\/\/www.linoxmodena.it\/es\/wp-json\/wp\/v2\/product\/1324\/revisions\/2148"}],"wp:featuredmedia":[{"embeddable":true,"href":"https:\/\/www.linoxmodena.it\/es\/wp-json\/wp\/v2\/media\/1587"}],"wp:attachment":[{"href":"https:\/\/www.linoxmodena.it\/es\/wp-json\/wp\/v2\/media?parent=1324"}],"wp:term":[{"taxonomy":"product-category","embeddable":true,"href":"https:\/\/www.linoxmodena.it\/es\/wp-json\/wp\/v2\/product-category?post=1324"}],"curies":[{"name":"wp","href":"https:\/\/api.w.org\/{rel}","templated":true}]}}