{"id":1278,"date":"2025-06-30T15:53:55","date_gmt":"2025-06-30T14:53:55","guid":{"rendered":"https:\/\/www.linoxmodena.it\/product\/lavado-de-cajas-y-bins\/"},"modified":"2025-09-03T09:42:44","modified_gmt":"2025-09-03T08:42:44","slug":"lavado-de-cajas-y-bins","status":"publish","type":"product","link":"https:\/\/www.linoxmodena.it\/es\/product\/lavado-de-cajas-y-bins\/","title":{"rendered":"Linea de lavado de bins y cajas"},"content":{"rendered":"\n<p>Instalaciones autom\u00e1ticas para el lavado de cajas y bins<\/p>\n\n<ul class=\"wp-block-list\">\n<li>M\u00e1quina estudiada, elaborada y configurada a medida para el cliente, seg\u00fan sus requisitos y necesidades.<\/li>\n\n\n\n<li>Capacidad de lavar simult\u00e1neamente bins de varios formatos y tipolog\u00edas, con diferentes alturas y dimensiones.<\/li>\n\n\n\n<li>Capacidad de lavado por hora flexible.<\/li>\n\n\n\n<li>M\u00e1quina estudiada, elaborada y configurada a medida para el cliente, seg\u00fan sus requisitos y necesidades.<\/li>\n\n\n\n<li>Estructura en acero inoxidable.<\/li>\n\n\n\n<li>Programas de lavado personalizados.<\/li>\n\n\n\n<li>Altas presiones para la eliminaci\u00f3n de todo tipo de residuos o suciedad persistente.<\/li>\n\n\n\n<li>Dosificaci\u00f3n responsable de las soluciones qu\u00edmicas para proteger el medio ambiente y a los operadores involucrados en las operaciones de lavado de los contenedores.<\/li>\n\n\n\n<li>Importante reducci\u00f3n de los tiempos y costes de mantenimiento.<\/li>\n\n\n\n<li>El valor a\u00f1adido de nuestras m\u00e1quinas es la recuperaci\u00f3n y filtrado del agua de lavado.<\/li>\n<\/ul>\n\n<p><\/p>\n","protected":false},"excerpt":{"rendered":"<p>Instalaciones autom\u00e1ticas para el lavado de cajas y bins<\/p>\n","protected":false},"featured_media":1434,"template":"","meta":{"_acf_changed":false,"footnotes":""},"product-category":[32],"class_list":["post-1278","product","type-product","status-publish","has-post-thumbnail","hentry","product-category-otras-tecnologias"],"acf":[],"yoast_head":"<!-- This site is optimized with the Yoast SEO plugin v25.9 - https:\/\/yoast.com\/wordpress\/plugins\/seo\/ -->\n<title>Linea de lavado de bins y cajas - linoxmodena.it<\/title>\n<meta name=\"robots\" content=\"index, follow, max-snippet:-1, max-image-preview:large, max-video-preview:-1\" \/>\n<link rel=\"canonical\" href=\"https:\/\/www.linoxmodena.it\/es\/product\/lavado-de-cajas-y-bins\/\" \/>\n<meta property=\"og:locale\" content=\"es_ES\" \/>\n<meta property=\"og:type\" content=\"article\" \/>\n<meta property=\"og:title\" content=\"Linea de lavado de bins y cajas - linoxmodena.it\" \/>\n<meta property=\"og:description\" content=\"Instalaciones autom\u00e1ticas para el lavado de cajas y bins\" \/>\n<meta property=\"og:url\" content=\"https:\/\/www.linoxmodena.it\/es\/product\/lavado-de-cajas-y-bins\/\" \/>\n<meta property=\"og:site_name\" content=\"linoxmodena.it\" \/>\n<meta property=\"article:modified_time\" content=\"2025-09-03T08:42:44+00:00\" \/>\n<meta property=\"og:image\" content=\"https:\/\/www.linoxmodena.it\/wp-content\/uploads\/2025\/06\/lavatrici-bins-lb50.webp\" \/>\n\t<meta property=\"og:image:width\" content=\"640\" \/>\n\t<meta property=\"og:image:height\" content=\"480\" \/>\n\t<meta property=\"og:image:type\" content=\"image\/webp\" \/>\n<meta name=\"twitter:card\" content=\"summary_large_image\" \/>\n<meta name=\"twitter:label1\" content=\"Tiempo de lectura\" \/>\n\t<meta name=\"twitter:data1\" content=\"1 minuto\" \/>\n<script type=\"application\/ld+json\" class=\"yoast-schema-graph\">{\"@context\":\"https:\/\/schema.org\",\"@graph\":[{\"@type\":\"WebPage\",\"@id\":\"https:\/\/www.linoxmodena.it\/es\/product\/lavado-de-cajas-y-bins\/\",\"url\":\"https:\/\/www.linoxmodena.it\/es\/product\/lavado-de-cajas-y-bins\/\",\"name\":\"Linea de lavado de bins y cajas - linoxmodena.it\",\"isPartOf\":{\"@id\":\"https:\/\/www.linoxmodena.it\/es\/#website\"},\"primaryImageOfPage\":{\"@id\":\"https:\/\/www.linoxmodena.it\/es\/product\/lavado-de-cajas-y-bins\/#primaryimage\"},\"image\":{\"@id\":\"https:\/\/www.linoxmodena.it\/es\/product\/lavado-de-cajas-y-bins\/#primaryimage\"},\"thumbnailUrl\":\"https:\/\/www.linoxmodena.it\/wp-content\/uploads\/2025\/06\/lavatrici-bins-lb50.webp\",\"datePublished\":\"2025-06-30T14:53:55+00:00\",\"dateModified\":\"2025-09-03T08:42:44+00:00\",\"breadcrumb\":{\"@id\":\"https:\/\/www.linoxmodena.it\/es\/product\/lavado-de-cajas-y-bins\/#breadcrumb\"},\"inLanguage\":\"es\",\"potentialAction\":[{\"@type\":\"ReadAction\",\"target\":[\"https:\/\/www.linoxmodena.it\/es\/product\/lavado-de-cajas-y-bins\/\"]}]},{\"@type\":\"ImageObject\",\"inLanguage\":\"es\",\"@id\":\"https:\/\/www.linoxmodena.it\/es\/product\/lavado-de-cajas-y-bins\/#primaryimage\",\"url\":\"https:\/\/www.linoxmodena.it\/wp-content\/uploads\/2025\/06\/lavatrici-bins-lb50.webp\",\"contentUrl\":\"https:\/\/www.linoxmodena.it\/wp-content\/uploads\/2025\/06\/lavatrici-bins-lb50.webp\",\"width\":640,\"height\":480},{\"@type\":\"BreadcrumbList\",\"@id\":\"https:\/\/www.linoxmodena.it\/es\/product\/lavado-de-cajas-y-bins\/#breadcrumb\",\"itemListElement\":[{\"@type\":\"ListItem\",\"position\":1,\"name\":\"Home\",\"item\":\"https:\/\/www.linoxmodena.it\/es\/home-page\/\"},{\"@type\":\"ListItem\",\"position\":2,\"name\":\"productos\",\"item\":\"https:\/\/www.linoxmodena.it\/es\/archivio-prodotti\/\"},{\"@type\":\"ListItem\",\"position\":3,\"name\":\"Linea de lavado de bins y cajas\"}]},{\"@type\":\"WebSite\",\"@id\":\"https:\/\/www.linoxmodena.it\/es\/#website\",\"url\":\"https:\/\/www.linoxmodena.it\/es\/\",\"name\":\"linoxmodena.it\",\"description\":\"\",\"potentialAction\":[{\"@type\":\"SearchAction\",\"target\":{\"@type\":\"EntryPoint\",\"urlTemplate\":\"https:\/\/www.linoxmodena.it\/es\/?s={search_term_string}\"},\"query-input\":{\"@type\":\"PropertyValueSpecification\",\"valueRequired\":true,\"valueName\":\"search_term_string\"}}],\"inLanguage\":\"es\"}]}<\/script>\n<!-- \/ Yoast SEO plugin. -->","yoast_head_json":{"title":"Linea de lavado de bins y cajas - linoxmodena.it","robots":{"index":"index","follow":"follow","max-snippet":"max-snippet:-1","max-image-preview":"max-image-preview:large","max-video-preview":"max-video-preview:-1"},"canonical":"https:\/\/www.linoxmodena.it\/es\/product\/lavado-de-cajas-y-bins\/","og_locale":"es_ES","og_type":"article","og_title":"Linea de lavado de bins y cajas - linoxmodena.it","og_description":"Instalaciones autom\u00e1ticas para el lavado de cajas y bins","og_url":"https:\/\/www.linoxmodena.it\/es\/product\/lavado-de-cajas-y-bins\/","og_site_name":"linoxmodena.it","article_modified_time":"2025-09-03T08:42:44+00:00","og_image":[{"width":640,"height":480,"url":"https:\/\/www.linoxmodena.it\/wp-content\/uploads\/2025\/06\/lavatrici-bins-lb50.webp","type":"image\/webp"}],"twitter_card":"summary_large_image","twitter_misc":{"Tiempo de lectura":"1 minuto"},"schema":{"@context":"https:\/\/schema.org","@graph":[{"@type":"WebPage","@id":"https:\/\/www.linoxmodena.it\/es\/product\/lavado-de-cajas-y-bins\/","url":"https:\/\/www.linoxmodena.it\/es\/product\/lavado-de-cajas-y-bins\/","name":"Linea de lavado de bins y cajas - linoxmodena.it","isPartOf":{"@id":"https:\/\/www.linoxmodena.it\/es\/#website"},"primaryImageOfPage":{"@id":"https:\/\/www.linoxmodena.it\/es\/product\/lavado-de-cajas-y-bins\/#primaryimage"},"image":{"@id":"https:\/\/www.linoxmodena.it\/es\/product\/lavado-de-cajas-y-bins\/#primaryimage"},"thumbnailUrl":"https:\/\/www.linoxmodena.it\/wp-content\/uploads\/2025\/06\/lavatrici-bins-lb50.webp","datePublished":"2025-06-30T14:53:55+00:00","dateModified":"2025-09-03T08:42:44+00:00","breadcrumb":{"@id":"https:\/\/www.linoxmodena.it\/es\/product\/lavado-de-cajas-y-bins\/#breadcrumb"},"inLanguage":"es","potentialAction":[{"@type":"ReadAction","target":["https:\/\/www.linoxmodena.it\/es\/product\/lavado-de-cajas-y-bins\/"]}]},{"@type":"ImageObject","inLanguage":"es","@id":"https:\/\/www.linoxmodena.it\/es\/product\/lavado-de-cajas-y-bins\/#primaryimage","url":"https:\/\/www.linoxmodena.it\/wp-content\/uploads\/2025\/06\/lavatrici-bins-lb50.webp","contentUrl":"https:\/\/www.linoxmodena.it\/wp-content\/uploads\/2025\/06\/lavatrici-bins-lb50.webp","width":640,"height":480},{"@type":"BreadcrumbList","@id":"https:\/\/www.linoxmodena.it\/es\/product\/lavado-de-cajas-y-bins\/#breadcrumb","itemListElement":[{"@type":"ListItem","position":1,"name":"Home","item":"https:\/\/www.linoxmodena.it\/es\/home-page\/"},{"@type":"ListItem","position":2,"name":"productos","item":"https:\/\/www.linoxmodena.it\/es\/archivio-prodotti\/"},{"@type":"ListItem","position":3,"name":"Linea de lavado de bins y cajas"}]},{"@type":"WebSite","@id":"https:\/\/www.linoxmodena.it\/es\/#website","url":"https:\/\/www.linoxmodena.it\/es\/","name":"linoxmodena.it","description":"","potentialAction":[{"@type":"SearchAction","target":{"@type":"EntryPoint","urlTemplate":"https:\/\/www.linoxmodena.it\/es\/?s={search_term_string}"},"query-input":{"@type":"PropertyValueSpecification","valueRequired":true,"valueName":"search_term_string"}}],"inLanguage":"es"}]}},"_links":{"self":[{"href":"https:\/\/www.linoxmodena.it\/es\/wp-json\/wp\/v2\/product\/1278","targetHints":{"allow":["GET"]}}],"collection":[{"href":"https:\/\/www.linoxmodena.it\/es\/wp-json\/wp\/v2\/product"}],"about":[{"href":"https:\/\/www.linoxmodena.it\/es\/wp-json\/wp\/v2\/types\/product"}],"version-history":[{"count":2,"href":"https:\/\/www.linoxmodena.it\/es\/wp-json\/wp\/v2\/product\/1278\/revisions"}],"predecessor-version":[{"id":1867,"href":"https:\/\/www.linoxmodena.it\/es\/wp-json\/wp\/v2\/product\/1278\/revisions\/1867"}],"wp:featuredmedia":[{"embeddable":true,"href":"https:\/\/www.linoxmodena.it\/es\/wp-json\/wp\/v2\/media\/1434"}],"wp:attachment":[{"href":"https:\/\/www.linoxmodena.it\/es\/wp-json\/wp\/v2\/media?parent=1278"}],"wp:term":[{"taxonomy":"product-category","embeddable":true,"href":"https:\/\/www.linoxmodena.it\/es\/wp-json\/wp\/v2\/product-category?post=1278"}],"curies":[{"name":"wp","href":"https:\/\/api.w.org\/{rel}","templated":true}]}}