{"id":1105,"date":"2025-06-27T09:34:15","date_gmt":"2025-06-27T08:34:15","guid":{"rendered":"https:\/\/www.linoxmodena.it\/empresa\/"},"modified":"2025-09-12T14:39:13","modified_gmt":"2025-09-12T13:39:13","slug":"empresa","status":"publish","type":"page","link":"https:\/\/www.linoxmodena.it\/es\/empresa\/","title":{"rendered":"Empresa"},"content":{"rendered":"\t\t<div data-elementor-type=\"wp-page\" data-elementor-id=\"1105\" class=\"elementor elementor-1105 elementor-314\" data-elementor-post-type=\"page\">\n\t\t\t\t<div class=\"elementor-element elementor-element-bf7ac3b e-flex e-con-boxed e-con e-parent\" data-id=\"bf7ac3b\" data-element_type=\"container\" data-settings=\"{&quot;background_background&quot;:&quot;classic&quot;}\">\n\t\t\t\t\t<div class=\"e-con-inner\">\n\t\t\t\t<div class=\"elementor-element elementor-element-5cd146a elementor-widget elementor-widget-heading\" data-id=\"5cd146a\" data-element_type=\"widget\" data-widget_type=\"heading.default\">\n\t\t\t\t<div class=\"elementor-widget-container\">\n\t\t\t\t\t<div class=\"elementor-heading-title elementor-size-default\">Soluciones llave en mano para cada necesidad <\/div>\t\t\t\t<\/div>\n\t\t\t\t<\/div>\n\t\t\t\t<div class=\"elementor-element elementor-element-22d4edd elementor-widget elementor-widget-breadcrumbs\" data-id=\"22d4edd\" data-element_type=\"widget\" data-widget_type=\"breadcrumbs.default\">\n\t\t\t\t<div class=\"elementor-widget-container\">\n\t\t\t\t\t<p id=\"breadcrumbs\"><span><span><a href=\"https:\/\/www.linoxmodena.it\/es\/home-page\/\">Home<\/a><\/span><\/span><\/p>\t\t\t\t<\/div>\n\t\t\t\t<\/div>\n\t\t\t\t\t<\/div>\n\t\t\t\t<\/div>\n\t\t<div class=\"elementor-element elementor-element-46c6979 e-flex e-con-boxed e-con e-parent\" data-id=\"46c6979\" data-element_type=\"container\">\n\t\t\t\t\t<div class=\"e-con-inner\">\n\t\t<div class=\"elementor-element elementor-element-35ffdfd e-con-full e-flex e-con e-child\" data-id=\"35ffdfd\" data-element_type=\"container\">\n\t\t\t\t<div class=\"elementor-element elementor-element-faeebf4 elementor-widget elementor-widget-heading\" data-id=\"faeebf4\" data-element_type=\"widget\" data-widget_type=\"heading.default\">\n\t\t\t\t<div class=\"elementor-widget-container\">\n\t\t\t\t\t<div class=\"elementor-heading-title elementor-size-default\">Nuestra empresa<\/div>\t\t\t\t<\/div>\n\t\t\t\t<\/div>\n\t\t\t\t<div class=\"elementor-element elementor-element-272bb7d elementor-widget elementor-widget-text-editor\" data-id=\"272bb7d\" data-element_type=\"widget\" data-widget_type=\"text-editor.default\">\n\t\t\t\t<div class=\"elementor-widget-container\">\n\t\t\t\t\t\t\t\t\t<p>L\u2019INOX srl, con m\u00e1s de 35 a\u00f1os de experiencia en el sector hortofrut\u00edcola, dise\u00f1a y fabrica maquinaria para el procesamiento de frutas y hortalizas frescas. Ofrecemos sistemas llave en mano, desde despaletizado, vaciado, lavado, cepillado, clasificaci\u00f3n, calibrado, envasado, procesamiento y paletizado. Nos encanta afrontar retos, pero nos mantenemos fieles a nuestros valores: dise\u00f1amos y fabricamos cada proyecto con esmero, escuchando atentamente las necesidades de nuestros clientes para ofrecerles las mejores soluciones.   <\/p>\t\t\t\t\t\t\t\t<\/div>\n\t\t\t\t<\/div>\n\t\t\t\t<\/div>\n\t\t<div class=\"elementor-element elementor-element-dd50fe3 e-con-full elementor-hidden-tablet elementor-hidden-mobile e-flex e-con e-child\" data-id=\"dd50fe3\" data-element_type=\"container\">\n\t\t\t\t<div class=\"elementor-element elementor-element-abf0845 elementor-widget elementor-widget-image\" data-id=\"abf0845\" data-element_type=\"widget\" data-widget_type=\"image.default\">\n\t\t\t\t<div class=\"elementor-widget-container\">\n\t\t\t\t\t\t\t\t\t\t\t\t\t\t\t<img fetchpriority=\"high\" decoding=\"async\" width=\"800\" height=\"560\" src=\"https:\/\/www.linoxmodena.it\/wp-content\/uploads\/2025\/05\/D6-Calibratura-peperoni.webp\" class=\"attachment-large size-large wp-image-1398\" alt=\"\" srcset=\"https:\/\/www.linoxmodena.it\/wp-content\/uploads\/2025\/05\/D6-Calibratura-peperoni.webp 883w, https:\/\/www.linoxmodena.it\/wp-content\/uploads\/2025\/05\/D6-Calibratura-peperoni-300x210.webp 300w, https:\/\/www.linoxmodena.it\/wp-content\/uploads\/2025\/05\/D6-Calibratura-peperoni-768x538.webp 768w\" sizes=\"(max-width: 800px) 100vw, 800px\" \/>\t\t\t\t\t\t\t\t\t\t\t\t\t\t\t<\/div>\n\t\t\t\t<\/div>\n\t\t\t\t<\/div>\n\t\t\t\t\t<\/div>\n\t\t\t\t<\/div>\n\t\t<div class=\"elementor-element elementor-element-2ec71f0 e-flex e-con-boxed e-con e-parent\" data-id=\"2ec71f0\" data-element_type=\"container\">\n\t\t\t\t\t<div class=\"e-con-inner\">\n\t\t<div class=\"elementor-element elementor-element-52b2419 e-con-full elementor-hidden-tablet e-flex e-con e-child\" data-id=\"52b2419\" data-element_type=\"container\">\n\t\t\t\t<div class=\"elementor-element elementor-element-8a339b7 elementor-widget elementor-widget-image\" data-id=\"8a339b7\" data-element_type=\"widget\" data-widget_type=\"image.default\">\n\t\t\t\t<div class=\"elementor-widget-container\">\n\t\t\t\t\t\t\t\t\t\t\t\t\t\t\t<img decoding=\"async\" width=\"800\" height=\"601\" src=\"https:\/\/www.linoxmodena.it\/wp-content\/uploads\/2025\/04\/foto-quinto-blocco.webp\" class=\"attachment-large size-large wp-image-1421\" alt=\"\" srcset=\"https:\/\/www.linoxmodena.it\/wp-content\/uploads\/2025\/04\/foto-quinto-blocco.webp 825w, https:\/\/www.linoxmodena.it\/wp-content\/uploads\/2025\/04\/foto-quinto-blocco-300x225.webp 300w, https:\/\/www.linoxmodena.it\/wp-content\/uploads\/2025\/04\/foto-quinto-blocco-768x577.webp 768w\" sizes=\"(max-width: 800px) 100vw, 800px\" \/>\t\t\t\t\t\t\t\t\t\t\t\t\t\t\t<\/div>\n\t\t\t\t<\/div>\n\t\t\t\t<\/div>\n\t\t<div class=\"elementor-element elementor-element-bfec837 e-con-full e-flex e-con e-child\" data-id=\"bfec837\" data-element_type=\"container\">\n\t\t\t\t<div class=\"elementor-element elementor-element-fa9c7cd elementor-widget elementor-widget-heading\" data-id=\"fa9c7cd\" data-element_type=\"widget\" data-widget_type=\"heading.default\">\n\t\t\t\t<div class=\"elementor-widget-container\">\n\t\t\t\t\t<div class=\"elementor-heading-title elementor-size-default\">Tecnolog\u00eda Made in Italy para la cadena internacional de suministro de frutas y hortalizas<\/div>\t\t\t\t<\/div>\n\t\t\t\t<\/div>\n\t\t\t\t<div class=\"elementor-element elementor-element-62a9164 elementor-widget elementor-widget-text-editor\" data-id=\"62a9164\" data-element_type=\"widget\" data-widget_type=\"text-editor.default\">\n\t\t\t\t<div class=\"elementor-widget-container\">\n\t\t\t\t\t\t\t\t\t<p>Nuestra experiencia en Made in Italy, combinada con una nueva organizaci\u00f3n industrial, garantiza la m\u00e1xima fiabilidad de nuestros sistemas.<\/p><p>Exportamos a numerosos pa\u00edses y nuestro objetivo es desarrollar nuevas colaboraciones para ampliar a\u00fan m\u00e1s nuestra presencia en el mercado global. Desde septiembre de 2024, somos distribuidores exclusivos de REEMOON INTERNATIONAL para sistemas de calidad internos y externos con inteligencia artificial dedicados a la cadena de suministro de frutas y hortalizas. <\/p>\t\t\t\t\t\t\t\t<\/div>\n\t\t\t\t<\/div>\n\t\t\t\t<\/div>\n\t\t\t\t\t<\/div>\n\t\t\t\t<\/div>\n\t\t\t\t<\/div>\n\t\t","protected":false},"excerpt":{"rendered":"<p>Soluciones llave en mano para cada necesidad Nuestra empresa L\u2019INOX srl, con m\u00e1s de 35 a\u00f1os de experiencia en el sector hortofrut\u00edcola, dise\u00f1a y fabrica maquinaria para el procesamiento de frutas y hortalizas frescas. Ofrecemos sistemas llave en mano, desde despaletizado, vaciado, lavado, cepillado, clasificaci\u00f3n, calibrado, envasado, procesamiento y paletizado. Nos encanta afrontar retos, pero [&hellip;]<\/p>\n","protected":false},"author":1,"featured_media":0,"parent":0,"menu_order":0,"comment_status":"closed","ping_status":"closed","template":"","meta":{"_acf_changed":false,"footnotes":""},"class_list":["post-1105","page","type-page","status-publish","hentry"],"acf":[],"yoast_head":"<!-- This site is optimized with the Yoast SEO plugin v25.9 - https:\/\/yoast.com\/wordpress\/plugins\/seo\/ -->\n<title>Empresa - linoxmodena.it<\/title>\n<meta name=\"robots\" content=\"index, follow, max-snippet:-1, max-image-preview:large, max-video-preview:-1\" \/>\n<link rel=\"canonical\" href=\"https:\/\/www.linoxmodena.it\/es\/empresa\/\" \/>\n<meta property=\"og:locale\" content=\"es_ES\" \/>\n<meta property=\"og:type\" content=\"article\" \/>\n<meta property=\"og:title\" content=\"Empresa - linoxmodena.it\" \/>\n<meta property=\"og:description\" content=\"Soluciones llave en mano para cada necesidad Nuestra empresa L\u2019INOX srl, con m\u00e1s de 35 a\u00f1os de experiencia en el sector hortofrut\u00edcola, dise\u00f1a y fabrica maquinaria para el procesamiento de frutas y hortalizas frescas. Ofrecemos sistemas llave en mano, desde despaletizado, vaciado, lavado, cepillado, clasificaci\u00f3n, calibrado, envasado, procesamiento y paletizado. Nos encanta afrontar retos, pero [&hellip;]\" \/>\n<meta property=\"og:url\" content=\"https:\/\/www.linoxmodena.it\/es\/empresa\/\" \/>\n<meta property=\"og:site_name\" content=\"linoxmodena.it\" \/>\n<meta property=\"article:modified_time\" content=\"2025-09-12T13:39:13+00:00\" \/>\n<meta property=\"og:image\" content=\"https:\/\/www.linoxmodena.it\/wp-content\/uploads\/2025\/05\/D6-Calibratura-peperoni.webp\" \/>\n<meta name=\"twitter:card\" content=\"summary_large_image\" \/>\n<meta name=\"twitter:label1\" content=\"Tiempo de lectura\" \/>\n\t<meta name=\"twitter:data1\" content=\"2 minutos\" \/>\n<script type=\"application\/ld+json\" class=\"yoast-schema-graph\">{\"@context\":\"https:\/\/schema.org\",\"@graph\":[{\"@type\":\"WebPage\",\"@id\":\"https:\/\/www.linoxmodena.it\/es\/empresa\/\",\"url\":\"https:\/\/www.linoxmodena.it\/es\/empresa\/\",\"name\":\"Empresa - linoxmodena.it\",\"isPartOf\":{\"@id\":\"https:\/\/www.linoxmodena.it\/es\/#website\"},\"primaryImageOfPage\":{\"@id\":\"https:\/\/www.linoxmodena.it\/es\/empresa\/#primaryimage\"},\"image\":{\"@id\":\"https:\/\/www.linoxmodena.it\/es\/empresa\/#primaryimage\"},\"thumbnailUrl\":\"https:\/\/www.linoxmodena.it\/wp-content\/uploads\/2025\/05\/D6-Calibratura-peperoni.webp\",\"datePublished\":\"2025-06-27T08:34:15+00:00\",\"dateModified\":\"2025-09-12T13:39:13+00:00\",\"breadcrumb\":{\"@id\":\"https:\/\/www.linoxmodena.it\/es\/empresa\/#breadcrumb\"},\"inLanguage\":\"es\",\"potentialAction\":[{\"@type\":\"ReadAction\",\"target\":[\"https:\/\/www.linoxmodena.it\/es\/empresa\/\"]}]},{\"@type\":\"ImageObject\",\"inLanguage\":\"es\",\"@id\":\"https:\/\/www.linoxmodena.it\/es\/empresa\/#primaryimage\",\"url\":\"https:\/\/www.linoxmodena.it\/wp-content\/uploads\/2025\/05\/D6-Calibratura-peperoni.webp\",\"contentUrl\":\"https:\/\/www.linoxmodena.it\/wp-content\/uploads\/2025\/05\/D6-Calibratura-peperoni.webp\"},{\"@type\":\"BreadcrumbList\",\"@id\":\"https:\/\/www.linoxmodena.it\/es\/empresa\/#breadcrumb\",\"itemListElement\":[{\"@type\":\"ListItem\",\"position\":1,\"name\":\"Home\",\"item\":\"https:\/\/www.linoxmodena.it\/es\/home-page\/\"},{\"@type\":\"ListItem\",\"position\":2,\"name\":\"Empresa\"}]},{\"@type\":\"WebSite\",\"@id\":\"https:\/\/www.linoxmodena.it\/es\/#website\",\"url\":\"https:\/\/www.linoxmodena.it\/es\/\",\"name\":\"linoxmodena.it\",\"description\":\"\",\"potentialAction\":[{\"@type\":\"SearchAction\",\"target\":{\"@type\":\"EntryPoint\",\"urlTemplate\":\"https:\/\/www.linoxmodena.it\/es\/?s={search_term_string}\"},\"query-input\":{\"@type\":\"PropertyValueSpecification\",\"valueRequired\":true,\"valueName\":\"search_term_string\"}}],\"inLanguage\":\"es\"},{\"@type\":\"Person\",\"@id\":\"https:\/\/www.linoxmodena.it\/es\/#\/schema\/person\/f2dcd60a66283ab6b0f519bc6d46cc68\",\"name\":\"admin_g55wspvkba\",\"image\":{\"@type\":\"ImageObject\",\"inLanguage\":\"es\",\"@id\":\"https:\/\/www.linoxmodena.it\/es\/#\/schema\/person\/image\/\",\"url\":\"https:\/\/www.linoxmodena.it\/wp-content\/litespeed\/avatar\/aeb4f16bda4c54c3c5416e4272681eb1.jpg?ver=1778089424\",\"contentUrl\":\"https:\/\/www.linoxmodena.it\/wp-content\/litespeed\/avatar\/aeb4f16bda4c54c3c5416e4272681eb1.jpg?ver=1778089424\",\"caption\":\"admin_g55wspvkba\"},\"sameAs\":[\"https:\/\/linoxmodena.it\"],\"url\":\"https:\/\/www.linoxmodena.it\/es\/author\/admin_g55wspvkba\/\"}]}<\/script>\n<!-- \/ Yoast SEO plugin. -->","yoast_head_json":{"title":"Empresa - linoxmodena.it","robots":{"index":"index","follow":"follow","max-snippet":"max-snippet:-1","max-image-preview":"max-image-preview:large","max-video-preview":"max-video-preview:-1"},"canonical":"https:\/\/www.linoxmodena.it\/es\/empresa\/","og_locale":"es_ES","og_type":"article","og_title":"Empresa - linoxmodena.it","og_description":"Soluciones llave en mano para cada necesidad Nuestra empresa L\u2019INOX srl, con m\u00e1s de 35 a\u00f1os de experiencia en el sector hortofrut\u00edcola, dise\u00f1a y fabrica maquinaria para el procesamiento de frutas y hortalizas frescas. Ofrecemos sistemas llave en mano, desde despaletizado, vaciado, lavado, cepillado, clasificaci\u00f3n, calibrado, envasado, procesamiento y paletizado. Nos encanta afrontar retos, pero [&hellip;]","og_url":"https:\/\/www.linoxmodena.it\/es\/empresa\/","og_site_name":"linoxmodena.it","article_modified_time":"2025-09-12T13:39:13+00:00","og_image":[{"url":"https:\/\/www.linoxmodena.it\/wp-content\/uploads\/2025\/05\/D6-Calibratura-peperoni.webp","type":"","width":"","height":""}],"twitter_card":"summary_large_image","twitter_misc":{"Tiempo de lectura":"2 minutos"},"schema":{"@context":"https:\/\/schema.org","@graph":[{"@type":"WebPage","@id":"https:\/\/www.linoxmodena.it\/es\/empresa\/","url":"https:\/\/www.linoxmodena.it\/es\/empresa\/","name":"Empresa - linoxmodena.it","isPartOf":{"@id":"https:\/\/www.linoxmodena.it\/es\/#website"},"primaryImageOfPage":{"@id":"https:\/\/www.linoxmodena.it\/es\/empresa\/#primaryimage"},"image":{"@id":"https:\/\/www.linoxmodena.it\/es\/empresa\/#primaryimage"},"thumbnailUrl":"https:\/\/www.linoxmodena.it\/wp-content\/uploads\/2025\/05\/D6-Calibratura-peperoni.webp","datePublished":"2025-06-27T08:34:15+00:00","dateModified":"2025-09-12T13:39:13+00:00","breadcrumb":{"@id":"https:\/\/www.linoxmodena.it\/es\/empresa\/#breadcrumb"},"inLanguage":"es","potentialAction":[{"@type":"ReadAction","target":["https:\/\/www.linoxmodena.it\/es\/empresa\/"]}]},{"@type":"ImageObject","inLanguage":"es","@id":"https:\/\/www.linoxmodena.it\/es\/empresa\/#primaryimage","url":"https:\/\/www.linoxmodena.it\/wp-content\/uploads\/2025\/05\/D6-Calibratura-peperoni.webp","contentUrl":"https:\/\/www.linoxmodena.it\/wp-content\/uploads\/2025\/05\/D6-Calibratura-peperoni.webp"},{"@type":"BreadcrumbList","@id":"https:\/\/www.linoxmodena.it\/es\/empresa\/#breadcrumb","itemListElement":[{"@type":"ListItem","position":1,"name":"Home","item":"https:\/\/www.linoxmodena.it\/es\/home-page\/"},{"@type":"ListItem","position":2,"name":"Empresa"}]},{"@type":"WebSite","@id":"https:\/\/www.linoxmodena.it\/es\/#website","url":"https:\/\/www.linoxmodena.it\/es\/","name":"linoxmodena.it","description":"","potentialAction":[{"@type":"SearchAction","target":{"@type":"EntryPoint","urlTemplate":"https:\/\/www.linoxmodena.it\/es\/?s={search_term_string}"},"query-input":{"@type":"PropertyValueSpecification","valueRequired":true,"valueName":"search_term_string"}}],"inLanguage":"es"},{"@type":"Person","@id":"https:\/\/www.linoxmodena.it\/es\/#\/schema\/person\/f2dcd60a66283ab6b0f519bc6d46cc68","name":"admin_g55wspvkba","image":{"@type":"ImageObject","inLanguage":"es","@id":"https:\/\/www.linoxmodena.it\/es\/#\/schema\/person\/image\/","url":"https:\/\/www.linoxmodena.it\/wp-content\/litespeed\/avatar\/aeb4f16bda4c54c3c5416e4272681eb1.jpg?ver=1778089424","contentUrl":"https:\/\/www.linoxmodena.it\/wp-content\/litespeed\/avatar\/aeb4f16bda4c54c3c5416e4272681eb1.jpg?ver=1778089424","caption":"admin_g55wspvkba"},"sameAs":["https:\/\/linoxmodena.it"],"url":"https:\/\/www.linoxmodena.it\/es\/author\/admin_g55wspvkba\/"}]}},"_links":{"self":[{"href":"https:\/\/www.linoxmodena.it\/es\/wp-json\/wp\/v2\/pages\/1105","targetHints":{"allow":["GET"]}}],"collection":[{"href":"https:\/\/www.linoxmodena.it\/es\/wp-json\/wp\/v2\/pages"}],"about":[{"href":"https:\/\/www.linoxmodena.it\/es\/wp-json\/wp\/v2\/types\/page"}],"author":[{"embeddable":true,"href":"https:\/\/www.linoxmodena.it\/es\/wp-json\/wp\/v2\/users\/1"}],"replies":[{"embeddable":true,"href":"https:\/\/www.linoxmodena.it\/es\/wp-json\/wp\/v2\/comments?post=1105"}],"version-history":[{"count":4,"href":"https:\/\/www.linoxmodena.it\/es\/wp-json\/wp\/v2\/pages\/1105\/revisions"}],"predecessor-version":[{"id":1676,"href":"https:\/\/www.linoxmodena.it\/es\/wp-json\/wp\/v2\/pages\/1105\/revisions\/1676"}],"wp:attachment":[{"href":"https:\/\/www.linoxmodena.it\/es\/wp-json\/wp\/v2\/media?parent=1105"}],"curies":[{"name":"wp","href":"https:\/\/api.w.org\/{rel}","templated":true}]}}